{"id":7280,"date":"2023-04-14T11:00:32","date_gmt":"2023-04-14T09:00:32","guid":{"rendered":"https:\/\/www.abeillon.com\/product\/flexijet-pour-buse-interchangeable-j-50-3-8-bi-d-filetages-males-3-8-chrome-lg-500-mm\/"},"modified":"2025-07-24T16:09:08","modified_gmt":"2025-07-24T14:09:08","slug":"flexijet-pour-buse-interchangeable-j-50-3-8-bi-d-filetages-males-3-8-chrome-lg-500-mm","status":"publish","type":"product","link":"https:\/\/www.abeillon.com\/boutique\/en\/flexijet-pour-buse-interchangeable\/flexijet-pour-buse-interchangeable-j-50-3-8-bi-d-filetages-males-3-8-chrome-lg-500-mm\/","title":{"rendered":"Flexijet pour buse interchangeable J-50-3\/8 BI, D Filetages m\u00e2les 3\/8&#8221;, Chrom\u00e9, LG 500 mm"},"content":{"rendered":"<p>Description : Flexible d&#8217;\u00e9jection de fluide semi-rigide \u00e0 buse interchangeable, longueur 500 mm, diam\u00e8tre ext\u00e9rieur 16mm, diam\u00e8tre int\u00e9rieur 7,8mm, finition en acier chrom\u00e9e. \u00c9tanche sur toute la longueur gr\u00e2ce \u00e0 la pr\u00e9sence d&#8217;une gaine int\u00e9rieure. Manchon renfort c\u00f4t<\/p>\n","protected":false},"excerpt":{"rendered":"<p>Description : Flexible d&#8217;\u00e9jection de fluide semi-rigide \u00e0 buse interchangeable, longueur 500 mm, diam\u00e8tre ext\u00e9rieur 16mm, diam\u00e8tre int\u00e9rieur 7,8mm, finition en acier chrom\u00e9e. \u00c9tanche sur toute la longueur gr\u00e2ce \u00e0 la pr\u00e9sence d&#8217;une gaine int\u00e9rieure. Manchon renfort c\u00f4t<\/p>\n","protected":false},"featured_media":8069,"template":"","meta":{"_seopress_robots_primary_cat":"none","_seopress_titles_title":"","_seopress_titles_desc":"D\u00e9couvrez notre flexible d'\u00e9jection de fluide semi-rigide avec une buse interchangeable de 500 mm de longueur, 16mm de diam\u00e8tre ext\u00e9rieur, et 7,8mm de diam\u00e8tre int\u00e9rieur en acier chrom\u00e9e. \u00c9tanche sur toute la longueur gr\u00e2ce \u00e0 la pr\u00e9sence d'une gaine int\u00e9rieure. Achetez maintenant!","_seopress_robots_index":""},"product_brand":[],"product_cat":[134,446],"product_tag":[254],"class_list":{"0":"post-7280","1":"product","2":"type-product","3":"status-publish","4":"has-post-thumbnail","6":"product_cat-flexijet","7":"product_cat-flexijet-pour-buse-interchangeable","8":"product_tag-flexijet-pour-buse-interchangeable","9":"pa_extremite-2-m12-17-g3-8-male","11":"first","12":"instock","13":"taxable","14":"shipping-taxable","15":"purchasable","16":"product-type-simple"},"acf":[],"_links":{"self":[{"href":"https:\/\/www.abeillon.com\/boutique\/en\/wp-json\/wp\/v2\/product\/7280","targetHints":{"allow":["GET"]}}],"collection":[{"href":"https:\/\/www.abeillon.com\/boutique\/en\/wp-json\/wp\/v2\/product"}],"about":[{"href":"https:\/\/www.abeillon.com\/boutique\/en\/wp-json\/wp\/v2\/types\/product"}],"wp:featuredmedia":[{"embeddable":true,"href":"https:\/\/www.abeillon.com\/boutique\/en\/wp-json\/wp\/v2\/media\/8069"}],"wp:attachment":[{"href":"https:\/\/www.abeillon.com\/boutique\/en\/wp-json\/wp\/v2\/media?parent=7280"}],"wp:term":[{"taxonomy":"product_brand","embeddable":true,"href":"https:\/\/www.abeillon.com\/boutique\/en\/wp-json\/wp\/v2\/product_brand?post=7280"},{"taxonomy":"product_cat","embeddable":true,"href":"https:\/\/www.abeillon.com\/boutique\/en\/wp-json\/wp\/v2\/product_cat?post=7280"},{"taxonomy":"product_tag","embeddable":true,"href":"https:\/\/www.abeillon.com\/boutique\/en\/wp-json\/wp\/v2\/product_tag?post=7280"}],"curies":[{"name":"wp","href":"https:\/\/api.w.org\/{rel}","templated":true}]}}