{"id":7290,"date":"2023-04-14T11:00:32","date_gmt":"2023-04-14T09:00:32","guid":{"rendered":"https:\/\/www.abeillon.com\/product\/flexijet-pour-buse-interchangeable-j-80-1-2-bi-d-filetages-males-1-2-chrome-lg-800-mm\/"},"modified":"2025-07-24T16:09:16","modified_gmt":"2025-07-24T14:09:16","slug":"flexijet-pour-buse-interchangeable-j-80-1-2-bi-d-filetages-males-1-2-chrome-lg-800-mm","status":"publish","type":"product","link":"https:\/\/www.abeillon.com\/boutique\/en\/flexijet-pour-buse-interchangeable\/flexijet-pour-buse-interchangeable-j-80-1-2-bi-d-filetages-males-1-2-chrome-lg-800-mm\/","title":{"rendered":"Flexijet pour buse interchangeable J-80-1\/2 BI, D Filetages m\u00e2les 1\/2&#8221;, Chrom\u00e9, LG 800 mm"},"content":{"rendered":"<p>Description : Flexible d&#8217;\u00e9jection de fluide semi-rigide \u00e0 buse interchangeable, longueur 800 mm, diam\u00e8tre ext\u00e9rieur 21mm, diam\u00e8tre int\u00e9rieur 10,5mm, finition en acier chrom\u00e9e. \u00c9tanche sur toute la longueur gr\u00e2ce \u00e0 la pr\u00e9sence d&#8217;une gaine int\u00e9rieure. Manchon renfort c\u00f4t<\/p>\n","protected":false},"excerpt":{"rendered":"<p>Description : Flexible d&#8217;\u00e9jection de fluide semi-rigide \u00e0 buse interchangeable, longueur 800 mm, diam\u00e8tre ext\u00e9rieur 21mm, diam\u00e8tre int\u00e9rieur 10,5mm, finition en acier chrom\u00e9e. \u00c9tanche sur toute la longueur gr\u00e2ce \u00e0 la pr\u00e9sence d&#8217;une gaine int\u00e9rieure. Manchon renfort c\u00f4t<\/p>\n","protected":false},"featured_media":8069,"template":"","meta":{"_seopress_robots_primary_cat":"none","_seopress_titles_title":"","_seopress_titles_desc":"D\u00e9couvrez notre flexible d'\u00e9jection de fluide semi-rigide avec buse interchangeable de 800 mm de long. \u00c9tanche gr\u00e2ce \u00e0 une gaine int\u00e9rieure. En acier chrom\u00e9e avec un diam\u00e8tre ext\u00e9rieur de 21mm et un diam\u00e8tre int\u00e9rieur de 10,5mm. Commandez-le maintenant !","_seopress_robots_index":""},"product_brand":[],"product_cat":[134,446],"product_tag":[254],"class_list":{"0":"post-7290","1":"product","2":"type-product","3":"status-publish","4":"has-post-thumbnail","6":"product_cat-flexijet","7":"product_cat-flexijet-pour-buse-interchangeable","8":"product_tag-flexijet-pour-buse-interchangeable","9":"pa_extremite-2-m15-21-g-1-2-male","11":"first","12":"instock","13":"taxable","14":"shipping-taxable","15":"purchasable","16":"product-type-simple"},"acf":[],"_links":{"self":[{"href":"https:\/\/www.abeillon.com\/boutique\/en\/wp-json\/wp\/v2\/product\/7290","targetHints":{"allow":["GET"]}}],"collection":[{"href":"https:\/\/www.abeillon.com\/boutique\/en\/wp-json\/wp\/v2\/product"}],"about":[{"href":"https:\/\/www.abeillon.com\/boutique\/en\/wp-json\/wp\/v2\/types\/product"}],"wp:featuredmedia":[{"embeddable":true,"href":"https:\/\/www.abeillon.com\/boutique\/en\/wp-json\/wp\/v2\/media\/8069"}],"wp:attachment":[{"href":"https:\/\/www.abeillon.com\/boutique\/en\/wp-json\/wp\/v2\/media?parent=7290"}],"wp:term":[{"taxonomy":"product_brand","embeddable":true,"href":"https:\/\/www.abeillon.com\/boutique\/en\/wp-json\/wp\/v2\/product_brand?post=7290"},{"taxonomy":"product_cat","embeddable":true,"href":"https:\/\/www.abeillon.com\/boutique\/en\/wp-json\/wp\/v2\/product_cat?post=7290"},{"taxonomy":"product_tag","embeddable":true,"href":"https:\/\/www.abeillon.com\/boutique\/en\/wp-json\/wp\/v2\/product_tag?post=7290"}],"curies":[{"name":"wp","href":"https:\/\/api.w.org\/{rel}","templated":true}]}}