{"id":7318,"date":"2023-04-14T11:00:47","date_gmt":"2023-04-14T09:00:47","guid":{"rendered":"https:\/\/www.abeillon.com\/product\/clip-supportage-tuyau-noir-plastique-pour-flexible-d21\/"},"modified":"2026-01-14T09:47:24","modified_gmt":"2026-01-14T08:47:24","slug":"clip-supportage-tuyau-noir-plastique-pour-flexible-d21","status":"publish","type":"product","link":"https:\/\/www.abeillon.com\/boutique\/en\/clips\/clip-supportage-tuyau-noir-plastique-pour-flexible-d21\/","title":{"rendered":"Clip supportage tuyau, noir plastique pour flexible D21"},"content":{"rendered":"<p>Description : Clip plastique supportage tuyau ou c\u00e2ble pour flexibles semi-rigides D21<\/p>\n","protected":false},"excerpt":{"rendered":"<p>Description : Clip plastique supportage tuyau ou c\u00e2ble pour flexibles semi-rigides D21<\/p>\n","protected":false},"featured_media":6307,"template":"","meta":{"_seopress_robots_primary_cat":"none","_seopress_titles_title":"Clip supportage tuyau : noir plastique pour flexible D21","_seopress_titles_desc":"D\u00e9couvrez notre clip plastique de supportage pour tuyaux ou c\u00e2bles, id\u00e9al pour les flexibles semi-rigides de diam\u00e8tre 21 mm. Facile \u00e0 installer et durable.","_seopress_robots_index":""},"product_brand":[],"product_cat":[434,133],"product_tag":[258],"class_list":{"0":"post-7318","1":"product","2":"type-product","3":"status-publish","4":"has-post-thumbnail","6":"product_cat-clips","7":"product_cat-combimed","8":"product_tag-clips","10":"first","11":"instock","12":"taxable","13":"shipping-taxable","14":"purchasable","15":"product-type-simple"},"acf":[],"_links":{"self":[{"href":"https:\/\/www.abeillon.com\/boutique\/en\/wp-json\/wp\/v2\/product\/7318","targetHints":{"allow":["GET"]}}],"collection":[{"href":"https:\/\/www.abeillon.com\/boutique\/en\/wp-json\/wp\/v2\/product"}],"about":[{"href":"https:\/\/www.abeillon.com\/boutique\/en\/wp-json\/wp\/v2\/types\/product"}],"wp:featuredmedia":[{"embeddable":true,"href":"https:\/\/www.abeillon.com\/boutique\/en\/wp-json\/wp\/v2\/media\/6307"}],"wp:attachment":[{"href":"https:\/\/www.abeillon.com\/boutique\/en\/wp-json\/wp\/v2\/media?parent=7318"}],"wp:term":[{"taxonomy":"product_brand","embeddable":true,"href":"https:\/\/www.abeillon.com\/boutique\/en\/wp-json\/wp\/v2\/product_brand?post=7318"},{"taxonomy":"product_cat","embeddable":true,"href":"https:\/\/www.abeillon.com\/boutique\/en\/wp-json\/wp\/v2\/product_cat?post=7318"},{"taxonomy":"product_tag","embeddable":true,"href":"https:\/\/www.abeillon.com\/boutique\/en\/wp-json\/wp\/v2\/product_tag?post=7318"}],"curies":[{"name":"wp","href":"https:\/\/api.w.org\/{rel}","templated":true}]}}