{"id":7321,"date":"2023-04-14T11:00:58","date_gmt":"2023-04-14T09:00:58","guid":{"rendered":"https:\/\/www.abeillon.com\/product\/embase-triangulaire-chrome\/"},"modified":"2025-07-24T16:09:41","modified_gmt":"2025-07-24T14:09:41","slug":"embase-triangulaire-chrome","status":"publish","type":"product","link":"https:\/\/www.abeillon.com\/boutique\/en\/embases-et-platines\/embase-triangulaire-chrome\/","title":{"rendered":"Embase triangulaire, chrom\u00e9"},"content":{"rendered":"<p>Description : Embase triangulaire<br \/>\n2 trous M10 \u00e0 90\u00b0, 3 trous de fixation diam\u00e8tre 5 MM et d&#8217;entraxe 52 MM, c\u00f4t\u00e9 68 MMEmbase triangulaire<br \/>\n2 trous M10 \u00e0 90\u00b0, 3 trous de fixation diam\u00e8tre 5 MM et d&#8217;entraxe 52 MM, c\u00f4t\u00e9 68 MMEmbase triangulaire<br \/>\n2 trous M10 \u00e0 90\u00b0, 3 trous de<\/p>\n","protected":false},"excerpt":{"rendered":"<p>Description : Embase triangulaire 2 trous M10 \u00e0 90\u00b0, 3 trous de fixation diam\u00e8tre 5 MM et d&#8217;entraxe 52 MM, c\u00f4t\u00e9 68 MMEmbase triangulaire 2 trous M10 \u00e0 90\u00b0, 3 trous de fixation diam\u00e8tre 5 MM et d&#8217;entraxe 52 MM, &hellip;<\/p>\n","protected":false},"featured_media":6342,"template":"","meta":{"_seopress_robots_primary_cat":"none","_seopress_titles_title":"","_seopress_titles_desc":"D\u00e9couvrez notre embase triangulaire 2 trous M10 \u00e0 90\u00b0 avec 3 trous de fixation diam\u00e8tre 5mm et d'entraxe 52mm. Parfait pour vos besoins de fixation !","_seopress_robots_index":""},"product_brand":[],"product_cat":[133,435],"product_tag":[259],"class_list":{"0":"post-7321","1":"product","2":"type-product","3":"status-publish","4":"has-post-thumbnail","6":"product_cat-combimed","7":"product_cat-embases-et-platines","8":"product_tag-embases-et-platines","10":"first","11":"instock","12":"taxable","13":"shipping-taxable","14":"purchasable","15":"product-type-simple"},"acf":[],"_links":{"self":[{"href":"https:\/\/www.abeillon.com\/boutique\/en\/wp-json\/wp\/v2\/product\/7321","targetHints":{"allow":["GET"]}}],"collection":[{"href":"https:\/\/www.abeillon.com\/boutique\/en\/wp-json\/wp\/v2\/product"}],"about":[{"href":"https:\/\/www.abeillon.com\/boutique\/en\/wp-json\/wp\/v2\/types\/product"}],"wp:featuredmedia":[{"embeddable":true,"href":"https:\/\/www.abeillon.com\/boutique\/en\/wp-json\/wp\/v2\/media\/6342"}],"wp:attachment":[{"href":"https:\/\/www.abeillon.com\/boutique\/en\/wp-json\/wp\/v2\/media?parent=7321"}],"wp:term":[{"taxonomy":"product_brand","embeddable":true,"href":"https:\/\/www.abeillon.com\/boutique\/en\/wp-json\/wp\/v2\/product_brand?post=7321"},{"taxonomy":"product_cat","embeddable":true,"href":"https:\/\/www.abeillon.com\/boutique\/en\/wp-json\/wp\/v2\/product_cat?post=7321"},{"taxonomy":"product_tag","embeddable":true,"href":"https:\/\/www.abeillon.com\/boutique\/en\/wp-json\/wp\/v2\/product_tag?post=7321"}],"curies":[{"name":"wp","href":"https:\/\/api.w.org\/{rel}","templated":true}]}}