{"id":7325,"date":"2023-04-14T11:00:58","date_gmt":"2023-04-14T09:00:58","guid":{"rendered":"https:\/\/www.abeillon.com\/product\/plateau-telecommande-linak-stiegel\/"},"modified":"2025-07-24T16:09:44","modified_gmt":"2025-07-24T14:09:44","slug":"plateau-telecommande-linak-stiegel","status":"publish","type":"product","link":"https:\/\/www.abeillon.com\/boutique\/en\/plateaux\/plateau-telecommande-linak-stiegel\/","title":{"rendered":"Plateau t\u00e9l\u00e9commande &#8220;LINAK&#8221;\/ STIEGEL"},"content":{"rendered":"<p>Description : Plateau t\u00e9l\u00e9commande LINAK HB71-001 ou STIEGEL (Longueur int\u00e9rieure : 67 MM, Hauteur int\u00e9rieure : 25 MM), Noir<\/p>\n","protected":false},"excerpt":{"rendered":"<p>Description : Plateau t\u00e9l\u00e9commande LINAK HB71-001 ou STIEGEL (Longueur int\u00e9rieure : 67 MM, Hauteur int\u00e9rieure : 25 MM), Noir<\/p>\n","protected":false},"featured_media":7398,"template":"","meta":{"_seopress_robots_primary_cat":"none","_seopress_titles_title":"","_seopress_titles_desc":"D\u00e9couvrez le plateau t\u00e9l\u00e9commande LINAK HB71-001 ou STIEGEL de couleur noir avec une longueur int\u00e9rieure de 67 MM et une hauteur int\u00e9rieure de 25 MM. Facilitez votre exp\u00e9rience de contr\u00f4le \u00e0 distance !","_seopress_robots_index":""},"product_brand":[],"product_cat":[133,436],"product_tag":[260],"class_list":{"0":"post-7325","1":"product","2":"type-product","3":"status-publish","4":"has-post-thumbnail","6":"product_cat-combimed","7":"product_cat-plateaux","8":"product_tag-plateaux","10":"first","11":"instock","12":"taxable","13":"shipping-taxable","14":"purchasable","15":"product-type-simple"},"acf":[],"_links":{"self":[{"href":"https:\/\/www.abeillon.com\/boutique\/en\/wp-json\/wp\/v2\/product\/7325","targetHints":{"allow":["GET"]}}],"collection":[{"href":"https:\/\/www.abeillon.com\/boutique\/en\/wp-json\/wp\/v2\/product"}],"about":[{"href":"https:\/\/www.abeillon.com\/boutique\/en\/wp-json\/wp\/v2\/types\/product"}],"wp:featuredmedia":[{"embeddable":true,"href":"https:\/\/www.abeillon.com\/boutique\/en\/wp-json\/wp\/v2\/media\/7398"}],"wp:attachment":[{"href":"https:\/\/www.abeillon.com\/boutique\/en\/wp-json\/wp\/v2\/media?parent=7325"}],"wp:term":[{"taxonomy":"product_brand","embeddable":true,"href":"https:\/\/www.abeillon.com\/boutique\/en\/wp-json\/wp\/v2\/product_brand?post=7325"},{"taxonomy":"product_cat","embeddable":true,"href":"https:\/\/www.abeillon.com\/boutique\/en\/wp-json\/wp\/v2\/product_cat?post=7325"},{"taxonomy":"product_tag","embeddable":true,"href":"https:\/\/www.abeillon.com\/boutique\/en\/wp-json\/wp\/v2\/product_tag?post=7325"}],"curies":[{"name":"wp","href":"https:\/\/api.w.org\/{rel}","templated":true}]}}