{"id":7326,"date":"2023-04-14T11:00:58","date_gmt":"2023-04-14T09:00:58","guid":{"rendered":"https:\/\/www.abeillon.com\/product\/plateau-commande-domotique-senior-pilot\/"},"modified":"2025-07-24T16:09:45","modified_gmt":"2025-07-24T14:09:45","slug":"plateau-commande-domotique-senior-pilot","status":"publish","type":"product","link":"https:\/\/www.abeillon.com\/boutique\/en\/plateaux\/plateau-commande-domotique-senior-pilot\/","title":{"rendered":"Plateau commande domotique &#8221;SENIOR PILOT&#8221;"},"content":{"rendered":"<p>Description : &#8220;Commande domotique&#8221; SENIOR PILOT (Longueur int\u00e9rieure :72MM, Hauteur int\u00e9rieure :30 MM), Noir<\/p>\n","protected":false},"excerpt":{"rendered":"<p>Description : &#8220;Commande domotique&#8221; SENIOR PILOT (Longueur int\u00e9rieure :72MM, Hauteur int\u00e9rieure :30 MM), Noir<\/p>\n","protected":false},"featured_media":7401,"template":"","meta":{"_seopress_robots_primary_cat":"none","_seopress_titles_title":"","_seopress_titles_desc":"Contr\u00f4lez votre maison avec facilit\u00e9 gr\u00e2ce \u00e0 la commande domotique SENIOR PILOT de haute qualit\u00e9. Profitez de son design \u00e9l\u00e9gant et de sa fonctionnalit\u00e9 pratique pour rendre votre vie plus confortable.","_seopress_robots_index":""},"product_brand":[],"product_cat":[133,436],"product_tag":[260],"class_list":{"0":"post-7326","1":"product","2":"type-product","3":"status-publish","4":"has-post-thumbnail","6":"product_cat-combimed","7":"product_cat-plateaux","8":"product_tag-plateaux","10":"first","11":"instock","12":"taxable","13":"shipping-taxable","14":"purchasable","15":"product-type-simple"},"acf":[],"_links":{"self":[{"href":"https:\/\/www.abeillon.com\/boutique\/en\/wp-json\/wp\/v2\/product\/7326","targetHints":{"allow":["GET"]}}],"collection":[{"href":"https:\/\/www.abeillon.com\/boutique\/en\/wp-json\/wp\/v2\/product"}],"about":[{"href":"https:\/\/www.abeillon.com\/boutique\/en\/wp-json\/wp\/v2\/types\/product"}],"wp:featuredmedia":[{"embeddable":true,"href":"https:\/\/www.abeillon.com\/boutique\/en\/wp-json\/wp\/v2\/media\/7401"}],"wp:attachment":[{"href":"https:\/\/www.abeillon.com\/boutique\/en\/wp-json\/wp\/v2\/media?parent=7326"}],"wp:term":[{"taxonomy":"product_brand","embeddable":true,"href":"https:\/\/www.abeillon.com\/boutique\/en\/wp-json\/wp\/v2\/product_brand?post=7326"},{"taxonomy":"product_cat","embeddable":true,"href":"https:\/\/www.abeillon.com\/boutique\/en\/wp-json\/wp\/v2\/product_cat?post=7326"},{"taxonomy":"product_tag","embeddable":true,"href":"https:\/\/www.abeillon.com\/boutique\/en\/wp-json\/wp\/v2\/product_tag?post=7326"}],"curies":[{"name":"wp","href":"https:\/\/api.w.org\/{rel}","templated":true}]}}