{"id":7331,"date":"2023-04-14T11:00:58","date_gmt":"2023-04-14T09:00:58","guid":{"rendered":"https:\/\/www.abeillon.com\/product\/plateaux-avec-bandes-velcro-80-mm-x-160-mm\/"},"modified":"2025-07-24T16:09:47","modified_gmt":"2025-07-24T14:09:47","slug":"plateaux-avec-bandes-velcro-80-mm-x-160-mm","status":"publish","type":"product","link":"https:\/\/www.abeillon.com\/boutique\/en\/plateaux\/plateaux-avec-bandes-velcro-80-mm-x-160-mm\/","title":{"rendered":"Plateaux avec bandes velcro, 80 mm x 160 mm"},"content":{"rendered":"<p>Description : Plateau avec bandes velcro 80 MM x 160 MM, peint Noir,<\/p>\n","protected":false},"excerpt":{"rendered":"<p>Description : Plateau avec bandes velcro 80 MM x 160 MM, peint Noir,<\/p>\n","protected":false},"featured_media":6413,"template":"","meta":{"_seopress_robots_primary_cat":"none","_seopress_titles_title":"","_seopress_titles_desc":"Optimisez votre espace de travail avec ce plateau pratique. Facile \u00e0 installer gr\u00e2ce aux bandes Velcro, id\u00e9al pour organiser vos outils et accessoires. Disponible en couleur noir.","_seopress_robots_index":""},"product_brand":[],"product_cat":[133,436],"product_tag":[260],"class_list":{"0":"post-7331","1":"product","2":"type-product","3":"status-publish","4":"has-post-thumbnail","6":"product_cat-combimed","7":"product_cat-plateaux","8":"product_tag-plateaux","10":"first","11":"instock","12":"taxable","13":"shipping-taxable","14":"purchasable","15":"product-type-simple"},"acf":[],"_links":{"self":[{"href":"https:\/\/www.abeillon.com\/boutique\/en\/wp-json\/wp\/v2\/product\/7331","targetHints":{"allow":["GET"]}}],"collection":[{"href":"https:\/\/www.abeillon.com\/boutique\/en\/wp-json\/wp\/v2\/product"}],"about":[{"href":"https:\/\/www.abeillon.com\/boutique\/en\/wp-json\/wp\/v2\/types\/product"}],"wp:featuredmedia":[{"embeddable":true,"href":"https:\/\/www.abeillon.com\/boutique\/en\/wp-json\/wp\/v2\/media\/6413"}],"wp:attachment":[{"href":"https:\/\/www.abeillon.com\/boutique\/en\/wp-json\/wp\/v2\/media?parent=7331"}],"wp:term":[{"taxonomy":"product_brand","embeddable":true,"href":"https:\/\/www.abeillon.com\/boutique\/en\/wp-json\/wp\/v2\/product_brand?post=7331"},{"taxonomy":"product_cat","embeddable":true,"href":"https:\/\/www.abeillon.com\/boutique\/en\/wp-json\/wp\/v2\/product_cat?post=7331"},{"taxonomy":"product_tag","embeddable":true,"href":"https:\/\/www.abeillon.com\/boutique\/en\/wp-json\/wp\/v2\/product_tag?post=7331"}],"curies":[{"name":"wp","href":"https:\/\/api.w.org\/{rel}","templated":true}]}}