{"id":7333,"date":"2023-04-14T11:00:58","date_gmt":"2023-04-14T09:00:58","guid":{"rendered":"https:\/\/www.abeillon.com\/product\/etau-universel-a\/"},"modified":"2025-07-24T16:09:48","modified_gmt":"2025-07-24T14:09:48","slug":"etau-universel-a","status":"publish","type":"product","link":"https:\/\/www.abeillon.com\/boutique\/en\/etau-professionnel-combimed\/etau-universel-a\/","title":{"rendered":"Etau Universel A"},"content":{"rendered":"<p>Description : Etau universel &#8220;A&#8221;<br \/>\nMachoire porte tige repositionable \/ pas de 90\u00b0 &#8211; Douille M10 pour machoire porte tige &#8211; ouverture Max machoires principales de 40 MM, Dimensions 190 (ouverture Max)x90x80 MMEtau universel &#8220;A&#8221;<br \/>\nMachoire porte tige repositionable \/ pas de<\/p>\n","protected":false},"excerpt":{"rendered":"<p>Description : Etau universel &#8220;A&#8221; Machoire porte tige repositionable \/ pas de 90\u00b0 &#8211; Douille M10 pour machoire porte tige &#8211; ouverture Max machoires principales de 40 MM, Dimensions 190 (ouverture Max)x90x80 MMEtau universel &#8220;A&#8221; Machoire porte tige repositionable \/ &hellip;<\/p>\n","protected":false},"featured_media":6368,"template":"","meta":{"_seopress_robots_primary_cat":"none","_seopress_titles_title":"","_seopress_titles_desc":"D\u00e9couvrez notre \u00e9tau universel A avec m\u00e2choire porte-tige repositionnable et pas de 90\u00b0. Ouverture max de 40mm pour des dimensions de 190x90x80mm. Commandez d\u00e8s maintenant !","_seopress_robots_index":""},"product_brand":[],"product_cat":[133,437],"product_tag":[261],"class_list":{"0":"post-7333","1":"product","2":"type-product","3":"status-publish","4":"has-post-thumbnail","6":"product_cat-combimed","7":"product_cat-etau-professionnel-combimed","8":"product_tag-etaux","10":"first","11":"instock","12":"taxable","13":"shipping-taxable","14":"purchasable","15":"product-type-simple"},"acf":[],"_links":{"self":[{"href":"https:\/\/www.abeillon.com\/boutique\/en\/wp-json\/wp\/v2\/product\/7333","targetHints":{"allow":["GET"]}}],"collection":[{"href":"https:\/\/www.abeillon.com\/boutique\/en\/wp-json\/wp\/v2\/product"}],"about":[{"href":"https:\/\/www.abeillon.com\/boutique\/en\/wp-json\/wp\/v2\/types\/product"}],"wp:featuredmedia":[{"embeddable":true,"href":"https:\/\/www.abeillon.com\/boutique\/en\/wp-json\/wp\/v2\/media\/6368"}],"wp:attachment":[{"href":"https:\/\/www.abeillon.com\/boutique\/en\/wp-json\/wp\/v2\/media?parent=7333"}],"wp:term":[{"taxonomy":"product_brand","embeddable":true,"href":"https:\/\/www.abeillon.com\/boutique\/en\/wp-json\/wp\/v2\/product_brand?post=7333"},{"taxonomy":"product_cat","embeddable":true,"href":"https:\/\/www.abeillon.com\/boutique\/en\/wp-json\/wp\/v2\/product_cat?post=7333"},{"taxonomy":"product_tag","embeddable":true,"href":"https:\/\/www.abeillon.com\/boutique\/en\/wp-json\/wp\/v2\/product_tag?post=7333"}],"curies":[{"name":"wp","href":"https:\/\/api.w.org\/{rel}","templated":true}]}}