{"id":7342,"date":"2023-04-14T11:00:58","date_gmt":"2023-04-14T09:00:58","guid":{"rendered":"https:\/\/www.abeillon.com\/product\/flexible-gaine-blanc-1000-mm\/"},"modified":"2025-07-24T16:09:56","modified_gmt":"2025-07-24T14:09:56","slug":"flexible-gaine-blanc-1000-mm","status":"publish","type":"product","link":"https:\/\/www.abeillon.com\/boutique\/en\/flexibles-gaines\/flexible-gaine-blanc-1000-mm\/","title":{"rendered":"Flexible gain\u00e9 blanc, 1000 mm"},"content":{"rendered":"<p>Description : Gaine PVC Blanc, Longueur 1000MM, Diam\u00e8tre ext\u00e9rieur flex avec\/hors gaine 17\/15 MM, Embout m\u00e2le M10x150 Longueur filetage 10 et trou axial de diam\u00e8tre 4.5 MM, manchette renfort cot\u00e9 fixe embout m\u00e2le, embout femelle M10x100 Longueur filetage 9<\/p>\n","protected":false},"excerpt":{"rendered":"<p>Description : Gaine PVC Blanc, Longueur 1000MM, Diam\u00e8tre ext\u00e9rieur flex avec\/hors gaine 17\/15 MM, Embout m\u00e2le M10x150 Longueur filetage 10 et trou axial de diam\u00e8tre 4.5 MM, manchette renfort cot\u00e9 fixe embout m\u00e2le, embout femelle M10x100 Longueur filetage 9<\/p>\n","protected":false},"featured_media":8179,"template":"","meta":{"_seopress_robots_primary_cat":"none","_seopress_titles_title":"","_seopress_titles_desc":"D\u00e9couvrez notre gaine PVC blanc de 1000MM de longueur, diam\u00e8tre ext\u00e9rieur flex avec\/hors gaine de 17\/15MM. Embouts m\u00e2le M10x150 et femelle M10x100 pour un montage facile et pr\u00e9cis. Renforcez vos installations avec notre manchette renfort cot\u00e9 fixe embout m\u00e2le. Commandez d\u00e8s maintenant!","_seopress_robots_index":""},"product_brand":[],"product_cat":[133,438],"product_tag":[262],"class_list":{"0":"post-7342","1":"product","2":"type-product","3":"status-publish","4":"has-post-thumbnail","6":"product_cat-combimed","7":"product_cat-flexibles-gaines","8":"product_tag-flexibles-gaines","9":"pa_extremite-2-m10x100-femelle","11":"first","12":"instock","13":"taxable","14":"shipping-taxable","15":"purchasable","16":"product-type-simple"},"acf":[],"_links":{"self":[{"href":"https:\/\/www.abeillon.com\/boutique\/en\/wp-json\/wp\/v2\/product\/7342","targetHints":{"allow":["GET"]}}],"collection":[{"href":"https:\/\/www.abeillon.com\/boutique\/en\/wp-json\/wp\/v2\/product"}],"about":[{"href":"https:\/\/www.abeillon.com\/boutique\/en\/wp-json\/wp\/v2\/types\/product"}],"wp:featuredmedia":[{"embeddable":true,"href":"https:\/\/www.abeillon.com\/boutique\/en\/wp-json\/wp\/v2\/media\/8179"}],"wp:attachment":[{"href":"https:\/\/www.abeillon.com\/boutique\/en\/wp-json\/wp\/v2\/media?parent=7342"}],"wp:term":[{"taxonomy":"product_brand","embeddable":true,"href":"https:\/\/www.abeillon.com\/boutique\/en\/wp-json\/wp\/v2\/product_brand?post=7342"},{"taxonomy":"product_cat","embeddable":true,"href":"https:\/\/www.abeillon.com\/boutique\/en\/wp-json\/wp\/v2\/product_cat?post=7342"},{"taxonomy":"product_tag","embeddable":true,"href":"https:\/\/www.abeillon.com\/boutique\/en\/wp-json\/wp\/v2\/product_tag?post=7342"}],"curies":[{"name":"wp","href":"https:\/\/api.w.org\/{rel}","templated":true}]}}