{"id":7355,"date":"2023-04-14T11:01:11","date_gmt":"2023-04-14T09:01:11","guid":{"rendered":"https:\/\/www.abeillon.com\/product\/pied-roulant-noir\/"},"modified":"2025-07-24T16:10:16","modified_gmt":"2025-07-24T14:10:16","slug":"pied-roulant-noir","status":"publish","type":"product","link":"https:\/\/www.abeillon.com\/boutique\/en\/pied-roulant\/pied-roulant-noir\/","title":{"rendered":"PIED ROULANT noir"},"content":{"rendered":"<p>Description : PIED ROULANT, EMBASE 5 BRANCHES DE COULEUR NOIRE, TUBE et TIGE DE COULEUR BLANC, Hauteur totale 1m, taraudage M10x150 en extr\u00eamit\u00e9 haute et poign\u00e9e d&#8217;immobilisation<\/p>\n","protected":false},"excerpt":{"rendered":"<p>Description : PIED ROULANT, EMBASE 5 BRANCHES DE COULEUR NOIRE, TUBE et TIGE DE COULEUR BLANC, Hauteur totale 1m, taraudage M10x150 en extr\u00eamit\u00e9 haute et poign\u00e9e d&#8217;immobilisation<\/p>\n","protected":false},"featured_media":6350,"template":"","meta":{"_seopress_robots_primary_cat":"none","_seopress_titles_title":"","_seopress_titles_desc":"Optez pour ce pied roulan \u00e0 embase 5 branches noire, tube et tige blanche. Id\u00e9al pour vos besoins de fixation et d'immobilisation.","_seopress_robots_index":""},"product_brand":[],"product_cat":[133,440],"product_tag":[264],"class_list":{"0":"post-7355","1":"product","2":"type-product","3":"status-publish","4":"has-post-thumbnail","6":"product_cat-combimed","7":"product_cat-pied-roulant","8":"product_tag-pied-roulant","10":"first","11":"instock","12":"taxable","13":"shipping-taxable","14":"purchasable","15":"product-type-simple"},"acf":[],"_links":{"self":[{"href":"https:\/\/www.abeillon.com\/boutique\/en\/wp-json\/wp\/v2\/product\/7355","targetHints":{"allow":["GET"]}}],"collection":[{"href":"https:\/\/www.abeillon.com\/boutique\/en\/wp-json\/wp\/v2\/product"}],"about":[{"href":"https:\/\/www.abeillon.com\/boutique\/en\/wp-json\/wp\/v2\/types\/product"}],"wp:featuredmedia":[{"embeddable":true,"href":"https:\/\/www.abeillon.com\/boutique\/en\/wp-json\/wp\/v2\/media\/6350"}],"wp:attachment":[{"href":"https:\/\/www.abeillon.com\/boutique\/en\/wp-json\/wp\/v2\/media?parent=7355"}],"wp:term":[{"taxonomy":"product_brand","embeddable":true,"href":"https:\/\/www.abeillon.com\/boutique\/en\/wp-json\/wp\/v2\/product_brand?post=7355"},{"taxonomy":"product_cat","embeddable":true,"href":"https:\/\/www.abeillon.com\/boutique\/en\/wp-json\/wp\/v2\/product_cat?post=7355"},{"taxonomy":"product_tag","embeddable":true,"href":"https:\/\/www.abeillon.com\/boutique\/en\/wp-json\/wp\/v2\/product_tag?post=7355"}],"curies":[{"name":"wp","href":"https:\/\/api.w.org\/{rel}","templated":true}]}}