{"id":7357,"date":"2023-04-14T11:01:11","date_gmt":"2023-04-14T09:01:11","guid":{"rendered":"https:\/\/www.abeillon.com\/product\/commande-au-souffle-gainee-noir\/"},"modified":"2025-07-24T16:10:18","modified_gmt":"2025-07-24T14:10:18","slug":"commande-au-souffle-gainee-noir","status":"publish","type":"product","link":"https:\/\/www.abeillon.com\/boutique\/en\/solutions-specifiques\/commande-au-souffle-gainee-noir\/","title":{"rendered":"Commande au souffle gain\u00e9e noir"},"content":{"rendered":"<p>Description : Support pour Commande au souffle, Bras rigide articul\u00e9 avec embout base m\u00e2le M10x150, Flexible semi-rigide Gain\u00e9 noir (Longueur 400 MM ,diam\u00e8tre 13 mm et buse, gaine PVC), Longueur totale 710 MM<\/p>\n","protected":false},"excerpt":{"rendered":"<p>Description : Support pour Commande au souffle, Bras rigide articul\u00e9 avec embout base m\u00e2le M10x150, Flexible semi-rigide Gain\u00e9 noir (Longueur 400 MM ,diam\u00e8tre 13 mm et buse, gaine PVC), Longueur totale 710 MM<\/p>\n","protected":false},"featured_media":7386,"template":"","meta":{"_seopress_robots_primary_cat":"none","_seopress_titles_title":"","_seopress_titles_desc":"Flexible semi-rigide gain\u00e9 noir de 400mm de longueur et 13mm de diam\u00e8tre avec buse et gaine PVC. Longueur totale de 710mm.","_seopress_robots_index":""},"product_brand":[],"product_cat":[133,441],"product_tag":[265],"class_list":{"0":"post-7357","1":"product","2":"type-product","3":"status-publish","4":"has-post-thumbnail","6":"product_cat-combimed","7":"product_cat-solutions-specifiques","8":"product_tag-solutions-specifiques","10":"first","11":"instock","12":"taxable","13":"shipping-taxable","14":"purchasable","15":"product-type-simple"},"acf":[],"_links":{"self":[{"href":"https:\/\/www.abeillon.com\/boutique\/en\/wp-json\/wp\/v2\/product\/7357","targetHints":{"allow":["GET"]}}],"collection":[{"href":"https:\/\/www.abeillon.com\/boutique\/en\/wp-json\/wp\/v2\/product"}],"about":[{"href":"https:\/\/www.abeillon.com\/boutique\/en\/wp-json\/wp\/v2\/types\/product"}],"wp:featuredmedia":[{"embeddable":true,"href":"https:\/\/www.abeillon.com\/boutique\/en\/wp-json\/wp\/v2\/media\/7386"}],"wp:attachment":[{"href":"https:\/\/www.abeillon.com\/boutique\/en\/wp-json\/wp\/v2\/media?parent=7357"}],"wp:term":[{"taxonomy":"product_brand","embeddable":true,"href":"https:\/\/www.abeillon.com\/boutique\/en\/wp-json\/wp\/v2\/product_brand?post=7357"},{"taxonomy":"product_cat","embeddable":true,"href":"https:\/\/www.abeillon.com\/boutique\/en\/wp-json\/wp\/v2\/product_cat?post=7357"},{"taxonomy":"product_tag","embeddable":true,"href":"https:\/\/www.abeillon.com\/boutique\/en\/wp-json\/wp\/v2\/product_tag?post=7357"}],"curies":[{"name":"wp","href":"https:\/\/api.w.org\/{rel}","templated":true}]}}