{"id":7361,"date":"2023-04-14T11:01:11","date_gmt":"2023-04-14T09:01:11","guid":{"rendered":"https:\/\/www.abeillon.com\/product\/bras-bloquant-articule-aluminium\/"},"modified":"2025-07-24T16:10:22","modified_gmt":"2025-07-24T14:10:22","slug":"bras-bloquant-articule-aluminium","status":"publish","type":"product","link":"https:\/\/www.abeillon.com\/boutique\/en\/raccords-rotules-bras-articules\/bras-bloquant-articule-aluminium\/","title":{"rendered":"Bras bloquant articul\u00e9, Aluminium"},"content":{"rendered":"<p>Description : Longueur 280 MM, Diam\u00e8tre 16mm, Bras Longueur 220 MM, Embout base m\u00e2le M10, Femelle M10 en t\u00eate, poign\u00e9e de serrage articulation<\/p>\n","protected":false},"excerpt":{"rendered":"<p>Description : Longueur 280 MM, Diam\u00e8tre 16mm, Bras Longueur 220 MM, Embout base m\u00e2le M10, Femelle M10 en t\u00eate, poign\u00e9e de serrage articulation<\/p>\n","protected":false},"featured_media":7392,"template":"","meta":{"_seopress_robots_primary_cat":"none","_seopress_titles_title":"","_seopress_titles_desc":"Optimisez vos travaux avec notre bras de serrage de 220mm, embout base m\u00e2le M10 et femelle M10 en t\u00eate. Prenez le contr\u00f4le avec notre poign\u00e9e articul\u00e9e!","_seopress_robots_index":""},"product_brand":[],"product_cat":[133,439],"product_tag":[267,268],"class_list":{"0":"post-7361","1":"product","2":"type-product","3":"status-publish","4":"has-post-thumbnail","6":"product_cat-combimed","7":"product_cat-raccords-rotules-bras-articules","8":"product_tag-raccords","9":"product_tag-rotules-bras-articules","11":"first","12":"instock","13":"taxable","14":"shipping-taxable","15":"purchasable","16":"product-type-simple"},"acf":[],"_links":{"self":[{"href":"https:\/\/www.abeillon.com\/boutique\/en\/wp-json\/wp\/v2\/product\/7361","targetHints":{"allow":["GET"]}}],"collection":[{"href":"https:\/\/www.abeillon.com\/boutique\/en\/wp-json\/wp\/v2\/product"}],"about":[{"href":"https:\/\/www.abeillon.com\/boutique\/en\/wp-json\/wp\/v2\/types\/product"}],"wp:featuredmedia":[{"embeddable":true,"href":"https:\/\/www.abeillon.com\/boutique\/en\/wp-json\/wp\/v2\/media\/7392"}],"wp:attachment":[{"href":"https:\/\/www.abeillon.com\/boutique\/en\/wp-json\/wp\/v2\/media?parent=7361"}],"wp:term":[{"taxonomy":"product_brand","embeddable":true,"href":"https:\/\/www.abeillon.com\/boutique\/en\/wp-json\/wp\/v2\/product_brand?post=7361"},{"taxonomy":"product_cat","embeddable":true,"href":"https:\/\/www.abeillon.com\/boutique\/en\/wp-json\/wp\/v2\/product_cat?post=7361"},{"taxonomy":"product_tag","embeddable":true,"href":"https:\/\/www.abeillon.com\/boutique\/en\/wp-json\/wp\/v2\/product_tag?post=7361"}],"curies":[{"name":"wp","href":"https:\/\/api.w.org\/{rel}","templated":true}]}}