{"id":7364,"date":"2023-04-14T11:01:21","date_gmt":"2023-04-14T09:01:21","guid":{"rendered":"https:\/\/www.abeillon.com\/product\/ensemble-support-pour-commande-domotique\/"},"modified":"2025-07-24T16:10:19","modified_gmt":"2025-07-24T14:10:19","slug":"ensemble-support-pour-commande-domotique","status":"publish","type":"product","link":"https:\/\/www.abeillon.com\/boutique\/en\/solutions-specifiques\/ensemble-support-pour-commande-domotique\/","title":{"rendered":"Ensemble support pour Commande domotique"},"content":{"rendered":"<p>Description : Longueur totale 850 MM, bras rigide deux articulations, Embout base M10x150, Flexible semi-rigide Longueur 300MM, Gaine PVC blanc<\/p>\n","protected":false},"excerpt":{"rendered":"<p>Description : Longueur totale 850 MM, bras rigide deux articulations, Embout base M10x150, Flexible semi-rigide Longueur 300MM, Gaine PVC blanc<\/p>\n","protected":false},"featured_media":6418,"template":"","meta":{"_seopress_robots_primary_cat":"none","_seopress_titles_title":"","_seopress_titles_desc":"Trouvez le flexible id\u00e9al avec une longueur totale de 850MM, bras rigide \u00e0 deux articulations, embout M10x150 et gaine PVC blanc de qualit\u00e9.","_seopress_robots_index":""},"product_brand":[],"product_cat":[133,441],"product_tag":[265],"class_list":{"0":"post-7364","1":"product","2":"type-product","3":"status-publish","4":"has-post-thumbnail","6":"product_cat-combimed","7":"product_cat-solutions-specifiques","8":"product_tag-solutions-specifiques","10":"first","11":"instock","12":"taxable","13":"shipping-taxable","14":"purchasable","15":"product-type-simple"},"acf":[],"_links":{"self":[{"href":"https:\/\/www.abeillon.com\/boutique\/en\/wp-json\/wp\/v2\/product\/7364","targetHints":{"allow":["GET"]}}],"collection":[{"href":"https:\/\/www.abeillon.com\/boutique\/en\/wp-json\/wp\/v2\/product"}],"about":[{"href":"https:\/\/www.abeillon.com\/boutique\/en\/wp-json\/wp\/v2\/types\/product"}],"wp:featuredmedia":[{"embeddable":true,"href":"https:\/\/www.abeillon.com\/boutique\/en\/wp-json\/wp\/v2\/media\/6418"}],"wp:attachment":[{"href":"https:\/\/www.abeillon.com\/boutique\/en\/wp-json\/wp\/v2\/media?parent=7364"}],"wp:term":[{"taxonomy":"product_brand","embeddable":true,"href":"https:\/\/www.abeillon.com\/boutique\/en\/wp-json\/wp\/v2\/product_brand?post=7364"},{"taxonomy":"product_cat","embeddable":true,"href":"https:\/\/www.abeillon.com\/boutique\/en\/wp-json\/wp\/v2\/product_cat?post=7364"},{"taxonomy":"product_tag","embeddable":true,"href":"https:\/\/www.abeillon.com\/boutique\/en\/wp-json\/wp\/v2\/product_tag?post=7364"}],"curies":[{"name":"wp","href":"https:\/\/api.w.org\/{rel}","templated":true}]}}