{"id":7259,"date":"2023-04-14T11:00:17","date_gmt":"2023-04-14T09:00:17","guid":{"rendered":"https:\/\/www.abeillon.com\/product\/flexijet-a-buse-fixe-j-40-1-2-d-filetage-male-1-2-chrome-lg-400-mm\/"},"modified":"2025-07-24T16:08:51","modified_gmt":"2025-07-24T14:08:51","slug":"flexijet-a-buse-fixe-j-40-1-2-d-filetage-male-1-2-chrome-lg-400-mm","status":"publish","type":"product","link":"https:\/\/www.abeillon.com\/boutique\/it\/flexijet-a-buse-fixe\/flexijet-a-buse-fixe-j-40-1-2-d-filetage-male-1-2-chrome-lg-400-mm\/","title":{"rendered":"Flexijet \u00e0 buse fixe J-40-1\/2, D Filetage m\u00e2le 1\/2&#8221;, Chrom\u00e9, LG 400 mm"},"content":{"rendered":"<p>Description : Flexible d&#8217;\u00e9jection de fluide semi-rigide \u00e0 buse fixe, longueur 400 mm, diam\u00e8tre ext\u00e9rieur 21mm, diam\u00e8tre int\u00e9rieur 10,5 mm, finition en acier chrom\u00e9e. \u00c9tanche sur toute la longueur gr\u00e2ce \u00e0 la pr\u00e9sence d&#8217;une gaine int\u00e9rieure. Manchon renfort c\u00f4t\u00e9 fixe; E<\/p>\n","protected":false},"excerpt":{"rendered":"<p>Description : Flexible d&#8217;\u00e9jection de fluide semi-rigide \u00e0 buse fixe, longueur 400 mm, diam\u00e8tre ext\u00e9rieur 21mm, diam\u00e8tre int\u00e9rieur 10,5 mm, finition en acier chrom\u00e9e. \u00c9tanche sur toute la longueur gr\u00e2ce \u00e0 la pr\u00e9sence d&#8217;une gaine int\u00e9rieure. Manchon renfort c\u00f4t\u00e9 fixe; &hellip;<\/p>\n","protected":false},"featured_media":8063,"template":"","meta":{"_seopress_robots_primary_cat":"none","_seopress_titles_title":"","_seopress_titles_desc":"D\u00e9couvrez notre flexible d'\u00e9jection de fluide semi-rigide \u00e0 buse fixe de 400mm de longueur, en acier chrom\u00e9 avec une gaine int\u00e9rieure \u00e9tanche. Parfait pour une utilisation durable et efficace.","_seopress_robots_index":""},"product_brand":[],"product_cat":[134,445],"product_tag":[253],"class_list":{"0":"post-7259","1":"product","2":"type-product","3":"status-publish","4":"has-post-thumbnail","6":"product_cat-flexijet","7":"product_cat-flexijet-a-buse-fixe","8":"product_tag-flexijet-a-buse-fixe","9":"pa_extremite-2-buse-fixe","11":"first","12":"instock","13":"taxable","14":"shipping-taxable","15":"purchasable","16":"product-type-simple"},"acf":[],"_links":{"self":[{"href":"https:\/\/www.abeillon.com\/boutique\/it\/wp-json\/wp\/v2\/product\/7259","targetHints":{"allow":["GET"]}}],"collection":[{"href":"https:\/\/www.abeillon.com\/boutique\/it\/wp-json\/wp\/v2\/product"}],"about":[{"href":"https:\/\/www.abeillon.com\/boutique\/it\/wp-json\/wp\/v2\/types\/product"}],"wp:featuredmedia":[{"embeddable":true,"href":"https:\/\/www.abeillon.com\/boutique\/it\/wp-json\/wp\/v2\/media\/8063"}],"wp:attachment":[{"href":"https:\/\/www.abeillon.com\/boutique\/it\/wp-json\/wp\/v2\/media?parent=7259"}],"wp:term":[{"taxonomy":"product_brand","embeddable":true,"href":"https:\/\/www.abeillon.com\/boutique\/it\/wp-json\/wp\/v2\/product_brand?post=7259"},{"taxonomy":"product_cat","embeddable":true,"href":"https:\/\/www.abeillon.com\/boutique\/it\/wp-json\/wp\/v2\/product_cat?post=7259"},{"taxonomy":"product_tag","embeddable":true,"href":"https:\/\/www.abeillon.com\/boutique\/it\/wp-json\/wp\/v2\/product_tag?post=7259"}],"curies":[{"name":"wp","href":"https:\/\/api.w.org\/{rel}","templated":true}]}}