{"id":7267,"date":"2023-04-14T11:00:17","date_gmt":"2023-04-14T09:00:17","guid":{"rendered":"https:\/\/www.abeillon.com\/product\/option-en-supplement-gaine-noire-exterieure-sur-flexijets-a-buse-fixesle-prix-dun-flexible-gaine-prix-dun-flexible-chrome-prix-option-gaine-noire\/"},"modified":"2026-01-14T10:15:45","modified_gmt":"2026-01-14T09:15:45","slug":"option-en-supplement-gaine-noire-exterieure-sur-flexijets-a-buse-fixesle-prix-dun-flexible-gaine-prix-dun-flexible-chrome-prix-option-gaine-noire","status":"publish","type":"product","link":"https:\/\/www.abeillon.com\/boutique\/it\/options-additionnelles\/option-en-supplement-gaine-noire-exterieure-sur-flexijets-a-buse-fixesle-prix-dun-flexible-gaine-prix-dun-flexible-chrome-prix-option-gaine-noire\/","title":{"rendered":"Option en suppl\u00e9ment : gaine noire ext\u00e9rieure sur Flexijets \u00e0 buse fixes(Le prix d&#8217;un flexible gain\u00e9 = Prix d&#8217;un flexible chrom\u00e9 + Prix option gaine noire)"},"content":{"rendered":"","protected":false},"excerpt":{"rendered":"","protected":false},"featured_media":8124,"template":"","meta":{"_seopress_robots_primary_cat":"none","_seopress_titles_title":"Option : gaine noire ext\u00e9rieure sur Flexijets \u00e0 buse fixes","_seopress_titles_desc":"Option en suppl\u00e9ment pour Flexijet \u00e0 buse fixe : gaine noire ext\u00e9rieure. Am\u00e9liore la protection et l\u2019esth\u00e9tique du flexible. Fabrication fran\u00e7aise.","_seopress_robots_index":""},"product_brand":[],"product_cat":[134,445,467],"product_tag":[253],"class_list":{"0":"post-7267","1":"product","2":"type-product","3":"status-publish","4":"has-post-thumbnail","6":"product_cat-flexijet","7":"product_cat-flexijet-a-buse-fixe","8":"product_cat-options-additionnelles","9":"product_tag-flexijet-a-buse-fixe","11":"first","12":"instock","13":"taxable","14":"shipping-taxable","15":"purchasable","16":"product-type-simple"},"acf":[],"_links":{"self":[{"href":"https:\/\/www.abeillon.com\/boutique\/it\/wp-json\/wp\/v2\/product\/7267","targetHints":{"allow":["GET"]}}],"collection":[{"href":"https:\/\/www.abeillon.com\/boutique\/it\/wp-json\/wp\/v2\/product"}],"about":[{"href":"https:\/\/www.abeillon.com\/boutique\/it\/wp-json\/wp\/v2\/types\/product"}],"wp:featuredmedia":[{"embeddable":true,"href":"https:\/\/www.abeillon.com\/boutique\/it\/wp-json\/wp\/v2\/media\/8124"}],"wp:attachment":[{"href":"https:\/\/www.abeillon.com\/boutique\/it\/wp-json\/wp\/v2\/media?parent=7267"}],"wp:term":[{"taxonomy":"product_brand","embeddable":true,"href":"https:\/\/www.abeillon.com\/boutique\/it\/wp-json\/wp\/v2\/product_brand?post=7267"},{"taxonomy":"product_cat","embeddable":true,"href":"https:\/\/www.abeillon.com\/boutique\/it\/wp-json\/wp\/v2\/product_cat?post=7267"},{"taxonomy":"product_tag","embeddable":true,"href":"https:\/\/www.abeillon.com\/boutique\/it\/wp-json\/wp\/v2\/product_tag?post=7267"}],"curies":[{"name":"wp","href":"https:\/\/api.w.org\/{rel}","templated":true}]}}