{"id":7293,"date":"2023-04-14T11:00:32","date_gmt":"2023-04-14T09:00:32","guid":{"rendered":"https:\/\/www.abeillon.com\/product\/robinet-male-femelle-g1-4-chrome\/"},"modified":"2025-07-24T16:09:18","modified_gmt":"2025-07-24T14:09:18","slug":"robinet-male-femelle-g1-4-chrome","status":"publish","type":"product","link":"https:\/\/www.abeillon.com\/boutique\/it\/robinets-industriels-flexibles\/robinet-male-femelle-g1-4-chrome\/","title":{"rendered":"Robinet M\u00e2le\/Femelle-G1\/4&#8221;, Chrom\u00e9"},"content":{"rendered":"<p>Description : Robinet d&#8217;arr\u00eat 1\/4 de tour. Embouts m\u00e2le et femelle \u00e0 visser, diam\u00e8tre 1\/4&#8243;, filetage 8\/13<\/p>\n","protected":false},"excerpt":{"rendered":"<p>Description : Robinet d&#8217;arr\u00eat 1\/4 de tour. Embouts m\u00e2le et femelle \u00e0 visser, diam\u00e8tre 1\/4&#8243;, filetage 8\/13<\/p>\n","protected":false},"featured_media":5974,"template":"","meta":{"_seopress_robots_primary_cat":"none","_seopress_titles_title":"","_seopress_titles_desc":"Achetez notre robinet d'arr\u00eat 1\/4 de tour avec embouts m\u00e2le et femelle \u00e0 visser, diam\u00e8tre 1\/4\", filetage 8\/13. Garantie de qualit\u00e9 et facilit\u00e9 d'utilisation.","_seopress_robots_index":""},"product_brand":[],"product_cat":[134,447],"product_tag":[255],"class_list":{"0":"post-7293","1":"product","2":"type-product","3":"status-publish","4":"has-post-thumbnail","6":"product_cat-flexijet","7":"product_cat-robinets-industriels-flexibles","8":"product_tag-robinet","9":"pa_extremite-2-m8-13-g-1-4-femelle","11":"first","12":"instock","13":"taxable","14":"shipping-taxable","15":"purchasable","16":"product-type-simple"},"acf":[],"_links":{"self":[{"href":"https:\/\/www.abeillon.com\/boutique\/it\/wp-json\/wp\/v2\/product\/7293","targetHints":{"allow":["GET"]}}],"collection":[{"href":"https:\/\/www.abeillon.com\/boutique\/it\/wp-json\/wp\/v2\/product"}],"about":[{"href":"https:\/\/www.abeillon.com\/boutique\/it\/wp-json\/wp\/v2\/types\/product"}],"wp:featuredmedia":[{"embeddable":true,"href":"https:\/\/www.abeillon.com\/boutique\/it\/wp-json\/wp\/v2\/media\/5974"}],"wp:attachment":[{"href":"https:\/\/www.abeillon.com\/boutique\/it\/wp-json\/wp\/v2\/media?parent=7293"}],"wp:term":[{"taxonomy":"product_brand","embeddable":true,"href":"https:\/\/www.abeillon.com\/boutique\/it\/wp-json\/wp\/v2\/product_brand?post=7293"},{"taxonomy":"product_cat","embeddable":true,"href":"https:\/\/www.abeillon.com\/boutique\/it\/wp-json\/wp\/v2\/product_cat?post=7293"},{"taxonomy":"product_tag","embeddable":true,"href":"https:\/\/www.abeillon.com\/boutique\/it\/wp-json\/wp\/v2\/product_tag?post=7293"}],"curies":[{"name":"wp","href":"https:\/\/api.w.org\/{rel}","templated":true}]}}