{"id":7301,"date":"2023-04-14T11:00:47","date_gmt":"2023-04-14T09:00:47","guid":{"rendered":"https:\/\/www.abeillon.com\/product\/buse-a-percer-g-1-4-chrome\/"},"modified":"2025-07-24T16:09:25","modified_gmt":"2025-07-24T14:09:25","slug":"buse-a-percer-g-1-4-chrome","status":"publish","type":"product","link":"https:\/\/www.abeillon.com\/boutique\/it\/buses\/buse-a-percer-g-1-4-chrome\/","title":{"rendered":"Buse \u00e0 percer G 1\/4&#8221;, Chrom\u00e9"},"content":{"rendered":"<p>Description : Buse en laiton chrom\u00e9 pour flexible \u00e0 buse interchangeable. Per\u00e7age possible jusqu&#8217;\u00e0 4 mm<\/p>\n","protected":false},"excerpt":{"rendered":"<p>Description : Buse en laiton chrom\u00e9 pour flexible \u00e0 buse interchangeable. Per\u00e7age possible jusqu&#8217;\u00e0 4 mm<\/p>\n","protected":false},"featured_media":7438,"template":"","meta":{"_seopress_robots_primary_cat":"none","_seopress_titles_title":"","_seopress_titles_desc":"Percez facilement des trous jusqu'\u00e0 4 mm avec notre buse en laiton chrom\u00e9 pour flexible. D\u00e9couvrez notre produit de qualit\u00e9 pour tous vos besoins de per\u00e7age.","_seopress_robots_index":""},"product_brand":[],"product_cat":[448,134],"product_tag":[256],"class_list":{"0":"post-7301","1":"product","2":"type-product","3":"status-publish","4":"has-post-thumbnail","6":"product_cat-buses","7":"product_cat-flexijet","8":"product_tag-buses","10":"first","11":"instock","12":"taxable","13":"shipping-taxable","14":"purchasable","15":"product-type-simple"},"acf":[],"_links":{"self":[{"href":"https:\/\/www.abeillon.com\/boutique\/it\/wp-json\/wp\/v2\/product\/7301","targetHints":{"allow":["GET"]}}],"collection":[{"href":"https:\/\/www.abeillon.com\/boutique\/it\/wp-json\/wp\/v2\/product"}],"about":[{"href":"https:\/\/www.abeillon.com\/boutique\/it\/wp-json\/wp\/v2\/types\/product"}],"wp:featuredmedia":[{"embeddable":true,"href":"https:\/\/www.abeillon.com\/boutique\/it\/wp-json\/wp\/v2\/media\/7438"}],"wp:attachment":[{"href":"https:\/\/www.abeillon.com\/boutique\/it\/wp-json\/wp\/v2\/media?parent=7301"}],"wp:term":[{"taxonomy":"product_brand","embeddable":true,"href":"https:\/\/www.abeillon.com\/boutique\/it\/wp-json\/wp\/v2\/product_brand?post=7301"},{"taxonomy":"product_cat","embeddable":true,"href":"https:\/\/www.abeillon.com\/boutique\/it\/wp-json\/wp\/v2\/product_cat?post=7301"},{"taxonomy":"product_tag","embeddable":true,"href":"https:\/\/www.abeillon.com\/boutique\/it\/wp-json\/wp\/v2\/product_tag?post=7301"}],"curies":[{"name":"wp","href":"https:\/\/api.w.org\/{rel}","templated":true}]}}