{"id":7304,"date":"2023-04-14T11:00:47","date_gmt":"2023-04-14T09:00:47","guid":{"rendered":"https:\/\/www.abeillon.com\/product\/buse-plate-g1-4-chrome\/"},"modified":"2025-01-07T16:48:35","modified_gmt":"2025-01-07T15:48:35","slug":"buse-plate-g1-4-chrome","status":"publish","type":"product","link":"https:\/\/www.abeillon.com\/boutique\/it\/buses\/buse-plate-g1-4-chrome\/","title":{"rendered":"Buse plate G1\/4&#8243;, Chrom\u00e9"},"content":{"rendered":"<p>Description : Buse plate en laiton chrom\u00e9 pour flexible \u00e0 buse interchangeable<\/p>\n","protected":false},"excerpt":{"rendered":"<p>Description : Buse plate en laiton chrom\u00e9 pour flexible \u00e0 buse interchangeable<\/p>\n","protected":false},"featured_media":6254,"template":"","meta":{"_seopress_robots_primary_cat":"none","_seopress_titles_title":"","_seopress_titles_desc":"Am\u00e9liorez votre syst\u00e8me de nettoyage avec une buse plate en laiton chrom\u00e9. Facilement interchangeable, cette buse vous garantit une efficacit\u00e9 optimale.","_seopress_robots_index":""},"product_brand":[],"product_cat":[448,134],"product_tag":[256],"class_list":{"0":"post-7304","1":"product","2":"type-product","3":"status-publish","4":"has-post-thumbnail","6":"product_cat-buses","7":"product_cat-flexijet","8":"product_tag-buses","10":"first","11":"instock","12":"taxable","13":"shipping-taxable","14":"purchasable","15":"product-type-simple"},"acf":[],"_links":{"self":[{"href":"https:\/\/www.abeillon.com\/boutique\/it\/wp-json\/wp\/v2\/product\/7304","targetHints":{"allow":["GET"]}}],"collection":[{"href":"https:\/\/www.abeillon.com\/boutique\/it\/wp-json\/wp\/v2\/product"}],"about":[{"href":"https:\/\/www.abeillon.com\/boutique\/it\/wp-json\/wp\/v2\/types\/product"}],"wp:featuredmedia":[{"embeddable":true,"href":"https:\/\/www.abeillon.com\/boutique\/it\/wp-json\/wp\/v2\/media\/6254"}],"wp:attachment":[{"href":"https:\/\/www.abeillon.com\/boutique\/it\/wp-json\/wp\/v2\/media?parent=7304"}],"wp:term":[{"taxonomy":"product_brand","embeddable":true,"href":"https:\/\/www.abeillon.com\/boutique\/it\/wp-json\/wp\/v2\/product_brand?post=7304"},{"taxonomy":"product_cat","embeddable":true,"href":"https:\/\/www.abeillon.com\/boutique\/it\/wp-json\/wp\/v2\/product_cat?post=7304"},{"taxonomy":"product_tag","embeddable":true,"href":"https:\/\/www.abeillon.com\/boutique\/it\/wp-json\/wp\/v2\/product_tag?post=7304"}],"curies":[{"name":"wp","href":"https:\/\/api.w.org\/{rel}","templated":true}]}}