{"id":7305,"date":"2023-04-14T11:00:47","date_gmt":"2023-04-14T09:00:47","guid":{"rendered":"https:\/\/www.abeillon.com\/product\/buse-plate-g3-8-chrome\/"},"modified":"2024-12-19T11:07:37","modified_gmt":"2024-12-19T10:07:37","slug":"buse-plate-g3-8-chrome","status":"publish","type":"product","link":"https:\/\/www.abeillon.com\/boutique\/it\/buses\/buse-plate-g3-8-chrome\/","title":{"rendered":"Buse plate G3\/8&#8243;, Chrom\u00e9"},"content":{"rendered":"<p>Description : Buse plate en laiton chrom\u00e9 pour flexible \u00e0 buse interchangeable<\/p>\n","protected":false},"excerpt":{"rendered":"<p>Description : Buse plate en laiton chrom\u00e9 pour flexible \u00e0 buse interchangeable<\/p>\n","protected":false},"featured_media":6258,"template":"","meta":{"_seopress_robots_primary_cat":"none","_seopress_titles_title":"","_seopress_titles_desc":"D\u00e9couvrez notre buse plate en laiton chrom\u00e9, id\u00e9ale pour am\u00e9liorer l&#039;efficacit\u00e9 de votre nettoyage industriel. Remplacez facilement les buses pour des r\u00e9sultats impeccables !","_seopress_robots_index":""},"product_brand":[],"product_cat":[448,134],"product_tag":[256],"class_list":{"0":"post-7305","1":"product","2":"type-product","3":"status-publish","4":"has-post-thumbnail","6":"product_cat-buses","7":"product_cat-flexijet","8":"product_tag-buses","10":"first","11":"instock","12":"taxable","13":"shipping-taxable","14":"purchasable","15":"product-type-simple"},"acf":[],"_links":{"self":[{"href":"https:\/\/www.abeillon.com\/boutique\/it\/wp-json\/wp\/v2\/product\/7305","targetHints":{"allow":["GET"]}}],"collection":[{"href":"https:\/\/www.abeillon.com\/boutique\/it\/wp-json\/wp\/v2\/product"}],"about":[{"href":"https:\/\/www.abeillon.com\/boutique\/it\/wp-json\/wp\/v2\/types\/product"}],"wp:featuredmedia":[{"embeddable":true,"href":"https:\/\/www.abeillon.com\/boutique\/it\/wp-json\/wp\/v2\/media\/6258"}],"wp:attachment":[{"href":"https:\/\/www.abeillon.com\/boutique\/it\/wp-json\/wp\/v2\/media?parent=7305"}],"wp:term":[{"taxonomy":"product_brand","embeddable":true,"href":"https:\/\/www.abeillon.com\/boutique\/it\/wp-json\/wp\/v2\/product_brand?post=7305"},{"taxonomy":"product_cat","embeddable":true,"href":"https:\/\/www.abeillon.com\/boutique\/it\/wp-json\/wp\/v2\/product_cat?post=7305"},{"taxonomy":"product_tag","embeddable":true,"href":"https:\/\/www.abeillon.com\/boutique\/it\/wp-json\/wp\/v2\/product_tag?post=7305"}],"curies":[{"name":"wp","href":"https:\/\/api.w.org\/{rel}","templated":true}]}}