{"id":7317,"date":"2023-04-14T11:00:47","date_gmt":"2023-04-14T09:00:47","guid":{"rendered":"https:\/\/www.abeillon.com\/product\/clip-supportage-tuyau-noir-plastique-d25-pour-flexible-d15\/"},"modified":"2026-01-14T09:45:58","modified_gmt":"2026-01-14T08:45:58","slug":"clip-supportage-tuyau-noir-plastique-d25-pour-flexible-d15","status":"publish","type":"product","link":"https:\/\/www.abeillon.com\/boutique\/it\/clips\/clip-supportage-tuyau-noir-plastique-d25-pour-flexible-d15\/","title":{"rendered":"Clip supportage tuyau, noir plastique D25 pour flexible D15"},"content":{"rendered":"<p>Description : Clip support tuyau D25 pour Flex D15<\/p>\n","protected":false},"excerpt":{"rendered":"<p>Description : Clip support tuyau D25 pour Flex D15<\/p>\n","protected":false},"featured_media":6303,"template":"","meta":{"_seopress_robots_primary_cat":"none","_seopress_titles_title":"Clip supportage tuyau : noir plastique D25 pour flexible D15","_seopress_titles_desc":"Optimisez l'utilisation de votre Flex D15 avec notre clip support tuyau D25. Stabilit\u00e9 et facilit\u00e9 d'utilisation garanties. Commandez d\u00e8s maintenant!","_seopress_robots_index":""},"product_brand":[],"product_cat":[434,133],"product_tag":[258],"class_list":{"0":"post-7317","1":"product","2":"type-product","3":"status-publish","4":"has-post-thumbnail","6":"product_cat-clips","7":"product_cat-combimed","8":"product_tag-clips","10":"first","11":"instock","12":"taxable","13":"shipping-taxable","14":"purchasable","15":"product-type-simple"},"acf":[],"_links":{"self":[{"href":"https:\/\/www.abeillon.com\/boutique\/it\/wp-json\/wp\/v2\/product\/7317","targetHints":{"allow":["GET"]}}],"collection":[{"href":"https:\/\/www.abeillon.com\/boutique\/it\/wp-json\/wp\/v2\/product"}],"about":[{"href":"https:\/\/www.abeillon.com\/boutique\/it\/wp-json\/wp\/v2\/types\/product"}],"wp:featuredmedia":[{"embeddable":true,"href":"https:\/\/www.abeillon.com\/boutique\/it\/wp-json\/wp\/v2\/media\/6303"}],"wp:attachment":[{"href":"https:\/\/www.abeillon.com\/boutique\/it\/wp-json\/wp\/v2\/media?parent=7317"}],"wp:term":[{"taxonomy":"product_brand","embeddable":true,"href":"https:\/\/www.abeillon.com\/boutique\/it\/wp-json\/wp\/v2\/product_brand?post=7317"},{"taxonomy":"product_cat","embeddable":true,"href":"https:\/\/www.abeillon.com\/boutique\/it\/wp-json\/wp\/v2\/product_cat?post=7317"},{"taxonomy":"product_tag","embeddable":true,"href":"https:\/\/www.abeillon.com\/boutique\/it\/wp-json\/wp\/v2\/product_tag?post=7317"}],"curies":[{"name":"wp","href":"https:\/\/api.w.org\/{rel}","templated":true}]}}