{"id":7319,"date":"2023-04-14T11:00:47","date_gmt":"2023-04-14T09:00:47","guid":{"rendered":"https:\/\/www.abeillon.com\/product\/platine-d40-2-trous-d3-8-fraisures-chrome\/"},"modified":"2025-07-24T16:09:36","modified_gmt":"2025-07-24T14:09:36","slug":"platine-d40-2-trous-d3-8-fraisures-chrome","status":"publish","type":"product","link":"https:\/\/www.abeillon.com\/boutique\/it\/embases-et-platines\/platine-d40-2-trous-d3-8-fraisures-chrome\/","title":{"rendered":"Platine D40, 2 trous D3.8 fraisur\u00e9s, chrom\u00e9"},"content":{"rendered":"<p>Description : Platine Diam\u00e8tre ext\u00e9rieur 40 MM, Nickel\u00e9e, embout M\u00e2le M10x100, 2 trous Fraisur\u00e9s D3.8, entraxe 28<\/p>\n","protected":false},"excerpt":{"rendered":"<p>Description : Platine Diam\u00e8tre ext\u00e9rieur 40 MM, Nickel\u00e9e, embout M\u00e2le M10x100, 2 trous Fraisur\u00e9s D3.8, entraxe 28<\/p>\n","protected":false},"featured_media":6372,"template":"","meta":{"_seopress_robots_primary_cat":"none","_seopress_titles_title":"","_seopress_titles_desc":"D\u00e9couvrez notre platine de qualit\u00e9 sup\u00e9rieure avec un diam\u00e8tre ext\u00e9rieur de 40 MM, nickel\u00e9e et un embout m\u00e2le M10x100. Id\u00e9ale pour une fixation solide avec ses 2 trous fraisur\u00e9s D3.8 et un entraxe de 28. Commandez maintenant !","_seopress_robots_index":""},"product_brand":[],"product_cat":[133,435],"product_tag":[259],"class_list":{"0":"post-7319","1":"product","2":"type-product","3":"status-publish","4":"has-post-thumbnail","6":"product_cat-combimed","7":"product_cat-embases-et-platines","8":"product_tag-embases-et-platines","10":"first","11":"instock","12":"taxable","13":"shipping-taxable","14":"purchasable","15":"product-type-simple"},"acf":[],"_links":{"self":[{"href":"https:\/\/www.abeillon.com\/boutique\/it\/wp-json\/wp\/v2\/product\/7319","targetHints":{"allow":["GET"]}}],"collection":[{"href":"https:\/\/www.abeillon.com\/boutique\/it\/wp-json\/wp\/v2\/product"}],"about":[{"href":"https:\/\/www.abeillon.com\/boutique\/it\/wp-json\/wp\/v2\/types\/product"}],"wp:featuredmedia":[{"embeddable":true,"href":"https:\/\/www.abeillon.com\/boutique\/it\/wp-json\/wp\/v2\/media\/6372"}],"wp:attachment":[{"href":"https:\/\/www.abeillon.com\/boutique\/it\/wp-json\/wp\/v2\/media?parent=7319"}],"wp:term":[{"taxonomy":"product_brand","embeddable":true,"href":"https:\/\/www.abeillon.com\/boutique\/it\/wp-json\/wp\/v2\/product_brand?post=7319"},{"taxonomy":"product_cat","embeddable":true,"href":"https:\/\/www.abeillon.com\/boutique\/it\/wp-json\/wp\/v2\/product_cat?post=7319"},{"taxonomy":"product_tag","embeddable":true,"href":"https:\/\/www.abeillon.com\/boutique\/it\/wp-json\/wp\/v2\/product_tag?post=7319"}],"curies":[{"name":"wp","href":"https:\/\/api.w.org\/{rel}","templated":true}]}}