{"id":7322,"date":"2023-04-14T11:00:58","date_gmt":"2023-04-14T09:00:58","guid":{"rendered":"https:\/\/www.abeillon.com\/product\/embasse-semelle-acier-peint-noir\/"},"modified":"2025-07-24T16:09:42","modified_gmt":"2025-07-24T14:09:42","slug":"embasse-semelle-acier-peint-noir","status":"publish","type":"product","link":"https:\/\/www.abeillon.com\/boutique\/it\/embases-et-platines\/embasse-semelle-acier-peint-noir\/","title":{"rendered":"Embasse semelle acier peint noir"},"content":{"rendered":"<p>Description : Embase Semelle acier peint noir<br \/>\ndiam\u00e8tre ext 150mm, \u00e9paisseur 20mm, trou M10x150Embase Semelle acier peint noir<br \/>\ndiam\u00e8tre ext 150mm, \u00e9paisseur 20mm, trou M10x150Embase Semelle acier peint noir<br \/>\ndiam\u00e8tre ext 150mm, \u00e9paisseur 20mm, trou M10x150<\/p>\n","protected":false},"excerpt":{"rendered":"<p>Description : Embase Semelle acier peint noir diam\u00e8tre ext 150mm, \u00e9paisseur 20mm, trou M10x150Embase Semelle acier peint noir diam\u00e8tre ext 150mm, \u00e9paisseur 20mm, trou M10x150Embase Semelle acier peint noir diam\u00e8tre ext 150mm, \u00e9paisseur 20mm, trou M10x150<\/p>\n","protected":false},"featured_media":6380,"template":"","meta":{"_seopress_robots_primary_cat":"none","_seopress_titles_title":"","_seopress_titles_desc":"D\u00e9couvrez notre embase en acier peint noir de haute qualit\u00e9. Avec un diam\u00e8tre ext\u00e9rieur de 150mm, une \u00e9paisseur de 20mm et un trou M10x150. Parfait pour vos besoins de construction & r\u00e9novation.","_seopress_robots_index":""},"product_brand":[],"product_cat":[133,435],"product_tag":[259],"class_list":{"0":"post-7322","1":"product","2":"type-product","3":"status-publish","4":"has-post-thumbnail","6":"product_cat-combimed","7":"product_cat-embases-et-platines","8":"product_tag-embases-et-platines","10":"first","11":"instock","12":"taxable","13":"shipping-taxable","14":"purchasable","15":"product-type-simple"},"acf":[],"_links":{"self":[{"href":"https:\/\/www.abeillon.com\/boutique\/it\/wp-json\/wp\/v2\/product\/7322","targetHints":{"allow":["GET"]}}],"collection":[{"href":"https:\/\/www.abeillon.com\/boutique\/it\/wp-json\/wp\/v2\/product"}],"about":[{"href":"https:\/\/www.abeillon.com\/boutique\/it\/wp-json\/wp\/v2\/types\/product"}],"wp:featuredmedia":[{"embeddable":true,"href":"https:\/\/www.abeillon.com\/boutique\/it\/wp-json\/wp\/v2\/media\/6380"}],"wp:attachment":[{"href":"https:\/\/www.abeillon.com\/boutique\/it\/wp-json\/wp\/v2\/media?parent=7322"}],"wp:term":[{"taxonomy":"product_brand","embeddable":true,"href":"https:\/\/www.abeillon.com\/boutique\/it\/wp-json\/wp\/v2\/product_brand?post=7322"},{"taxonomy":"product_cat","embeddable":true,"href":"https:\/\/www.abeillon.com\/boutique\/it\/wp-json\/wp\/v2\/product_cat?post=7322"},{"taxonomy":"product_tag","embeddable":true,"href":"https:\/\/www.abeillon.com\/boutique\/it\/wp-json\/wp\/v2\/product_tag?post=7322"}],"curies":[{"name":"wp","href":"https:\/\/api.w.org\/{rel}","templated":true}]}}