{"id":7327,"date":"2023-04-14T11:00:58","date_gmt":"2023-04-14T09:00:58","guid":{"rendered":"https:\/\/www.abeillon.com\/product\/plateaux-avec-bandes-velcro-80-mm-x-100-mm\/"},"modified":"2025-07-24T16:09:46","modified_gmt":"2025-07-24T14:09:46","slug":"plateaux-avec-bandes-velcro-80-mm-x-100-mm","status":"publish","type":"product","link":"https:\/\/www.abeillon.com\/boutique\/it\/plateaux\/plateaux-avec-bandes-velcro-80-mm-x-100-mm\/","title":{"rendered":"Plateaux avec bandes velcro, 80 mm x 100 mm"},"content":{"rendered":"<p>Description : Plateau avec bandes velcro 80 MM x 100 MM,Peint Noir,<\/p>\n","protected":false},"excerpt":{"rendered":"<p>Description : Plateau avec bandes velcro 80 MM x 100 MM,Peint Noir,<\/p>\n","protected":false},"featured_media":7328,"template":"","meta":{"_seopress_robots_primary_cat":"none","_seopress_titles_title":"","_seopress_titles_desc":"Optimisez votre espace de travail avec ce plateau pratique \u00e9quip\u00e9 de bandes velcro pour fixer vos outils. Sa taille de 80mm x 100mm et sa finition noire en font un choix id\u00e9al.","_seopress_robots_index":""},"product_brand":[],"product_cat":[133,436],"product_tag":[260],"class_list":{"0":"post-7327","1":"product","2":"type-product","3":"status-publish","4":"has-post-thumbnail","6":"product_cat-combimed","7":"product_cat-plateaux","8":"product_tag-plateaux","10":"first","11":"instock","12":"taxable","13":"shipping-taxable","14":"purchasable","15":"product-type-simple"},"acf":[],"_links":{"self":[{"href":"https:\/\/www.abeillon.com\/boutique\/it\/wp-json\/wp\/v2\/product\/7327","targetHints":{"allow":["GET"]}}],"collection":[{"href":"https:\/\/www.abeillon.com\/boutique\/it\/wp-json\/wp\/v2\/product"}],"about":[{"href":"https:\/\/www.abeillon.com\/boutique\/it\/wp-json\/wp\/v2\/types\/product"}],"wp:featuredmedia":[{"embeddable":true,"href":"https:\/\/www.abeillon.com\/boutique\/it\/wp-json\/wp\/v2\/media\/7328"}],"wp:attachment":[{"href":"https:\/\/www.abeillon.com\/boutique\/it\/wp-json\/wp\/v2\/media?parent=7327"}],"wp:term":[{"taxonomy":"product_brand","embeddable":true,"href":"https:\/\/www.abeillon.com\/boutique\/it\/wp-json\/wp\/v2\/product_brand?post=7327"},{"taxonomy":"product_cat","embeddable":true,"href":"https:\/\/www.abeillon.com\/boutique\/it\/wp-json\/wp\/v2\/product_cat?post=7327"},{"taxonomy":"product_tag","embeddable":true,"href":"https:\/\/www.abeillon.com\/boutique\/it\/wp-json\/wp\/v2\/product_tag?post=7327"}],"curies":[{"name":"wp","href":"https:\/\/api.w.org\/{rel}","templated":true}]}}