{"id":7344,"date":"2023-04-14T11:01:11","date_gmt":"2023-04-14T09:01:11","guid":{"rendered":"https:\/\/www.abeillon.com\/product\/flexible-gaine-blanc-600-mm\/"},"modified":"2025-07-24T16:10:06","modified_gmt":"2025-07-24T14:10:06","slug":"flexible-gaine-blanc-600-mm","status":"publish","type":"product","link":"https:\/\/www.abeillon.com\/boutique\/it\/flexibles-gaines\/flexible-gaine-blanc-600-mm\/","title":{"rendered":"Flexible gain\u00e9 blanc, 600 mm"},"content":{"rendered":"<p>Description : Gaine PVC Blanc, Longueur 600MM, Diam\u00e8tre ext\u00e9rieur flex avec\/hors gaine 17\/15 MM, Embout m\u00e2le M10x150 Longueur filetage 10 et trou axial de diam\u00e8tre 4.5 MM, manchette renfort cot\u00e9 fixe embout m\u00e2le, embout femelle M10x100 Longueur filetage 9<\/p>\n","protected":false},"excerpt":{"rendered":"<p>Description : Gaine PVC Blanc, Longueur 600MM, Diam\u00e8tre ext\u00e9rieur flex avec\/hors gaine 17\/15 MM, Embout m\u00e2le M10x150 Longueur filetage 10 et trou axial de diam\u00e8tre 4.5 MM, manchette renfort cot\u00e9 fixe embout m\u00e2le, embout femelle M10x100 Longueur filetage 9<\/p>\n","protected":false},"featured_media":8179,"template":"","meta":{"_seopress_robots_primary_cat":"none","_seopress_titles_title":"","_seopress_titles_desc":"D\u00e9couvrez notre gaine PVC blanche de 600MM, avec un diam\u00e8tre ext\u00e9rieur de 17MM et int\u00e9rieur de 15MM. \u00c9quip\u00e9e d'un embout m\u00e2le M10x150 et manchette renfort cot\u00e9 fixe. Profitez \u00e9galement de l'embout femelle M10x100. Commandez d\u00e8s maintenant.","_seopress_robots_index":""},"product_brand":[],"product_cat":[133,438],"product_tag":[262],"class_list":{"0":"post-7344","1":"product","2":"type-product","3":"status-publish","4":"has-post-thumbnail","6":"product_cat-combimed","7":"product_cat-flexibles-gaines","8":"product_tag-flexibles-gaines","9":"pa_extremite-2-m10x100-femelle","11":"first","12":"instock","13":"taxable","14":"shipping-taxable","15":"purchasable","16":"product-type-simple"},"acf":[],"_links":{"self":[{"href":"https:\/\/www.abeillon.com\/boutique\/it\/wp-json\/wp\/v2\/product\/7344","targetHints":{"allow":["GET"]}}],"collection":[{"href":"https:\/\/www.abeillon.com\/boutique\/it\/wp-json\/wp\/v2\/product"}],"about":[{"href":"https:\/\/www.abeillon.com\/boutique\/it\/wp-json\/wp\/v2\/types\/product"}],"wp:featuredmedia":[{"embeddable":true,"href":"https:\/\/www.abeillon.com\/boutique\/it\/wp-json\/wp\/v2\/media\/8179"}],"wp:attachment":[{"href":"https:\/\/www.abeillon.com\/boutique\/it\/wp-json\/wp\/v2\/media?parent=7344"}],"wp:term":[{"taxonomy":"product_brand","embeddable":true,"href":"https:\/\/www.abeillon.com\/boutique\/it\/wp-json\/wp\/v2\/product_brand?post=7344"},{"taxonomy":"product_cat","embeddable":true,"href":"https:\/\/www.abeillon.com\/boutique\/it\/wp-json\/wp\/v2\/product_cat?post=7344"},{"taxonomy":"product_tag","embeddable":true,"href":"https:\/\/www.abeillon.com\/boutique\/it\/wp-json\/wp\/v2\/product_tag?post=7344"}],"curies":[{"name":"wp","href":"https:\/\/api.w.org\/{rel}","templated":true}]}}