{"id":7349,"date":"2023-04-14T11:01:11","date_gmt":"2023-04-14T09:01:11","guid":{"rendered":"https:\/\/www.abeillon.com\/product\/rotule-a-pivot-360\/"},"modified":"2025-07-24T16:10:10","modified_gmt":"2025-07-24T14:10:10","slug":"rotule-a-pivot-360","status":"publish","type":"product","link":"https:\/\/www.abeillon.com\/boutique\/it\/raccords-rotules-bras-articules\/rotule-a-pivot-360\/","title":{"rendered":"Rotule \u00e0 pivot 360\u00b0"},"content":{"rendered":"<p>Description : Rotule bras 360\u00b0 \u00e0 pivot, laiton chrom\u00e9 &#8211; Embouts femelle M10x100 et m\u00e2le M10x100<\/p>\n","protected":false},"excerpt":{"rendered":"<p>Description : Rotule bras 360\u00b0 \u00e0 pivot, laiton chrom\u00e9 &#8211; Embouts femelle M10x100 et m\u00e2le M10x100<\/p>\n","protected":false},"featured_media":8365,"template":"","meta":{"_seopress_robots_primary_cat":"none","_seopress_titles_title":"","_seopress_titles_desc":"D\u00e9couvrez notre rotule bras 360\u00b0 \u00e0 pivot en laiton chrom\u00e9, avec embouts femelle M10x100 et m\u00e2le M10x100. Un accessoire de qualit\u00e9 pour vos projets.","_seopress_robots_index":""},"product_brand":[],"product_cat":[133,439],"product_tag":[267,268],"class_list":{"0":"post-7349","1":"product","2":"type-product","3":"status-publish","4":"has-post-thumbnail","6":"product_cat-combimed","7":"product_cat-raccords-rotules-bras-articules","8":"product_tag-raccords","9":"product_tag-rotules-bras-articules","10":"pa_extremite-2-m10x100-male","12":"first","13":"instock","14":"taxable","15":"shipping-taxable","16":"purchasable","17":"product-type-simple"},"acf":[],"_links":{"self":[{"href":"https:\/\/www.abeillon.com\/boutique\/it\/wp-json\/wp\/v2\/product\/7349","targetHints":{"allow":["GET"]}}],"collection":[{"href":"https:\/\/www.abeillon.com\/boutique\/it\/wp-json\/wp\/v2\/product"}],"about":[{"href":"https:\/\/www.abeillon.com\/boutique\/it\/wp-json\/wp\/v2\/types\/product"}],"wp:featuredmedia":[{"embeddable":true,"href":"https:\/\/www.abeillon.com\/boutique\/it\/wp-json\/wp\/v2\/media\/8365"}],"wp:attachment":[{"href":"https:\/\/www.abeillon.com\/boutique\/it\/wp-json\/wp\/v2\/media?parent=7349"}],"wp:term":[{"taxonomy":"product_brand","embeddable":true,"href":"https:\/\/www.abeillon.com\/boutique\/it\/wp-json\/wp\/v2\/product_brand?post=7349"},{"taxonomy":"product_cat","embeddable":true,"href":"https:\/\/www.abeillon.com\/boutique\/it\/wp-json\/wp\/v2\/product_cat?post=7349"},{"taxonomy":"product_tag","embeddable":true,"href":"https:\/\/www.abeillon.com\/boutique\/it\/wp-json\/wp\/v2\/product_tag?post=7349"}],"curies":[{"name":"wp","href":"https:\/\/api.w.org\/{rel}","templated":true}]}}