{"id":7350,"date":"2023-04-14T11:01:11","date_gmt":"2023-04-14T09:01:11","guid":{"rendered":"https:\/\/www.abeillon.com\/product\/tube-de-raccordement\/"},"modified":"2025-07-24T16:10:11","modified_gmt":"2025-07-24T14:10:11","slug":"tube-de-raccordement","status":"publish","type":"product","link":"https:\/\/www.abeillon.com\/boutique\/it\/raccords-rotules-bras-articules\/tube-de-raccordement\/","title":{"rendered":"Tube de raccordement"},"content":{"rendered":"<p>Description : Tube de raccordement, femelles aux extr\u00e9mit\u00e9s 1 et 2 (M10x150 et M10X100), Diam\u00e8tre ext\u00e9rieur 16, Longueur 25 mm.<\/p>\n","protected":false},"excerpt":{"rendered":"<p>Description : Tube de raccordement, femelles aux extr\u00e9mit\u00e9s 1 et 2 (M10x150 et M10X100), Diam\u00e8tre ext\u00e9rieur 16, Longueur 25 mm.<\/p>\n","protected":false},"featured_media":7383,"template":"","meta":{"_seopress_robots_primary_cat":"none","_seopress_titles_title":"","_seopress_titles_desc":"Trouvez le tube de raccordement id\u00e9al pour vos besoins avec des dimensions pr\u00e9cises (M10x150 et M10X100), un diam\u00e8tre ext\u00e9rieur de 16 et une longueur de 25 mm. D\u00e9couvrez notre s\u00e9lection maintenant.","_seopress_robots_index":""},"product_brand":[],"product_cat":[133,439],"product_tag":[267,268],"class_list":{"0":"post-7350","1":"product","2":"type-product","3":"status-publish","4":"has-post-thumbnail","6":"product_cat-combimed","7":"product_cat-raccords-rotules-bras-articules","8":"product_tag-raccords","9":"product_tag-rotules-bras-articules","10":"pa_extremite-2-m10x100-femelle","12":"first","13":"instock","14":"taxable","15":"shipping-taxable","16":"purchasable","17":"product-type-simple"},"acf":[],"_links":{"self":[{"href":"https:\/\/www.abeillon.com\/boutique\/it\/wp-json\/wp\/v2\/product\/7350","targetHints":{"allow":["GET"]}}],"collection":[{"href":"https:\/\/www.abeillon.com\/boutique\/it\/wp-json\/wp\/v2\/product"}],"about":[{"href":"https:\/\/www.abeillon.com\/boutique\/it\/wp-json\/wp\/v2\/types\/product"}],"wp:featuredmedia":[{"embeddable":true,"href":"https:\/\/www.abeillon.com\/boutique\/it\/wp-json\/wp\/v2\/media\/7383"}],"wp:attachment":[{"href":"https:\/\/www.abeillon.com\/boutique\/it\/wp-json\/wp\/v2\/media?parent=7350"}],"wp:term":[{"taxonomy":"product_brand","embeddable":true,"href":"https:\/\/www.abeillon.com\/boutique\/it\/wp-json\/wp\/v2\/product_brand?post=7350"},{"taxonomy":"product_cat","embeddable":true,"href":"https:\/\/www.abeillon.com\/boutique\/it\/wp-json\/wp\/v2\/product_cat?post=7350"},{"taxonomy":"product_tag","embeddable":true,"href":"https:\/\/www.abeillon.com\/boutique\/it\/wp-json\/wp\/v2\/product_tag?post=7350"}],"curies":[{"name":"wp","href":"https:\/\/api.w.org\/{rel}","templated":true}]}}