{"id":7352,"date":"2023-04-14T11:01:11","date_gmt":"2023-04-14T09:01:11","guid":{"rendered":"https:\/\/www.abeillon.com\/product\/raccord-adaptateur-pour-flexible-d-13\/"},"modified":"2026-04-29T12:06:42","modified_gmt":"2026-04-29T10:06:42","slug":"raccord-adaptateur-pour-flexible-d-13","status":"publish","type":"product","link":"https:\/\/www.abeillon.com\/boutique\/it\/non-classe\/raccord-adaptateur-pour-flexible-d-13\/","title":{"rendered":"Raccord adaptateur pour flexible D 13"},"content":{"rendered":"<p>Description : Raccord adaptateur &#8211; Embouts m\u00e2le M10x100 et femelle M10x150 pour Flexible semi-rigide Diam\u00e8tre 13<\/p>\n","protected":false},"excerpt":{"rendered":"<p>Description : Raccord adaptateur &#8211; Embouts m\u00e2le M10x100 et femelle M10x150 pour Flexible semi-rigide Diam\u00e8tre 13<\/p>\n","protected":false},"featured_media":6319,"template":"","meta":{"_seopress_robots_primary_cat":"132","_seopress_titles_title":"","_seopress_titles_desc":"Trouvez les embouts adaptateurs m\u00e2le M10x100 et femelle M10x150 pour votre flexible semi-rigide de diam\u00e8tre 13. Am\u00e9liorez votre syst\u00e8me de plomberie d\u00e8s maintenant.","_seopress_robots_index":""},"product_brand":[],"product_cat":[132],"product_tag":[267,268],"class_list":{"0":"post-7352","1":"product","2":"type-product","3":"status-publish","4":"has-post-thumbnail","6":"product_cat-non-classe","7":"product_tag-raccords","8":"product_tag-rotules-bras-articules","9":"pa_extremite-2-m10x150-femelle","11":"first","12":"instock","13":"taxable","14":"shipping-taxable","15":"purchasable","16":"product-type-simple"},"acf":[],"_links":{"self":[{"href":"https:\/\/www.abeillon.com\/boutique\/it\/wp-json\/wp\/v2\/product\/7352","targetHints":{"allow":["GET"]}}],"collection":[{"href":"https:\/\/www.abeillon.com\/boutique\/it\/wp-json\/wp\/v2\/product"}],"about":[{"href":"https:\/\/www.abeillon.com\/boutique\/it\/wp-json\/wp\/v2\/types\/product"}],"wp:featuredmedia":[{"embeddable":true,"href":"https:\/\/www.abeillon.com\/boutique\/it\/wp-json\/wp\/v2\/media\/6319"}],"wp:attachment":[{"href":"https:\/\/www.abeillon.com\/boutique\/it\/wp-json\/wp\/v2\/media?parent=7352"}],"wp:term":[{"taxonomy":"product_brand","embeddable":true,"href":"https:\/\/www.abeillon.com\/boutique\/it\/wp-json\/wp\/v2\/product_brand?post=7352"},{"taxonomy":"product_cat","embeddable":true,"href":"https:\/\/www.abeillon.com\/boutique\/it\/wp-json\/wp\/v2\/product_cat?post=7352"},{"taxonomy":"product_tag","embeddable":true,"href":"https:\/\/www.abeillon.com\/boutique\/it\/wp-json\/wp\/v2\/product_tag?post=7352"}],"curies":[{"name":"wp","href":"https:\/\/api.w.org\/{rel}","templated":true}]}}