{"id":7362,"date":"2023-04-14T11:01:11","date_gmt":"2023-04-14T09:01:11","guid":{"rendered":"https:\/\/www.abeillon.com\/product\/tige-inox\/"},"modified":"2025-07-24T16:10:23","modified_gmt":"2025-07-24T14:10:23","slug":"tige-inox","status":"publish","type":"product","link":"https:\/\/www.abeillon.com\/boutique\/it\/raccords-rotules-bras-articules\/tige-inox\/","title":{"rendered":"Tige Inox"},"content":{"rendered":"<p>Description : Diam\u00e8tre 16 MM, Longueur 46 MM, Femelle M10x150<\/p>\n","protected":false},"excerpt":{"rendered":"<p>Description : Diam\u00e8tre 16 MM, Longueur 46 MM, Femelle M10x150<\/p>\n","protected":false},"featured_media":7209,"template":"","meta":{"_seopress_robots_primary_cat":"none","_seopress_titles_title":"","_seopress_titles_desc":"D\u00e9couvrez notre vis \u00e0 t\u00eate hexagonale M10x150, avec un diam\u00e8tre de 16 mm et une longueur de 46 mm. Parfaite pour vos projets de construction ou de bricolage.","_seopress_robots_index":""},"product_brand":[],"product_cat":[133,439],"product_tag":[267,268],"class_list":{"0":"post-7362","1":"product","2":"type-product","3":"status-publish","4":"has-post-thumbnail","6":"product_cat-combimed","7":"product_cat-raccords-rotules-bras-articules","8":"product_tag-raccords","9":"product_tag-rotules-bras-articules","10":"pa_extremite-2-pleine","12":"first","13":"instock","14":"taxable","15":"shipping-taxable","16":"purchasable","17":"product-type-simple"},"acf":[],"_links":{"self":[{"href":"https:\/\/www.abeillon.com\/boutique\/it\/wp-json\/wp\/v2\/product\/7362","targetHints":{"allow":["GET"]}}],"collection":[{"href":"https:\/\/www.abeillon.com\/boutique\/it\/wp-json\/wp\/v2\/product"}],"about":[{"href":"https:\/\/www.abeillon.com\/boutique\/it\/wp-json\/wp\/v2\/types\/product"}],"wp:featuredmedia":[{"embeddable":true,"href":"https:\/\/www.abeillon.com\/boutique\/it\/wp-json\/wp\/v2\/media\/7209"}],"wp:attachment":[{"href":"https:\/\/www.abeillon.com\/boutique\/it\/wp-json\/wp\/v2\/media?parent=7362"}],"wp:term":[{"taxonomy":"product_brand","embeddable":true,"href":"https:\/\/www.abeillon.com\/boutique\/it\/wp-json\/wp\/v2\/product_brand?post=7362"},{"taxonomy":"product_cat","embeddable":true,"href":"https:\/\/www.abeillon.com\/boutique\/it\/wp-json\/wp\/v2\/product_cat?post=7362"},{"taxonomy":"product_tag","embeddable":true,"href":"https:\/\/www.abeillon.com\/boutique\/it\/wp-json\/wp\/v2\/product_tag?post=7362"}],"curies":[{"name":"wp","href":"https:\/\/api.w.org\/{rel}","templated":true}]}}