{"id":8109,"date":"2023-10-11T12:01:01","date_gmt":"2023-10-11T10:01:01","guid":{"rendered":"https:\/\/www.abeillon.com\/?page_id=8109"},"modified":"2023-10-11T12:01:01","modified_gmt":"2023-10-11T10:01:01","slug":"politiques-de-confidentialite","status":"publish","type":"page","link":"https:\/\/www.abeillon.com\/boutique\/politiques-de-confidentialite\/","title":{"rendered":"Politiques de confidentialit\u00e9"},"content":{"rendered":"<div class=\"wpb-content-wrapper\"><p>[vc_row][vc_column][vc_column_text]<\/p>\n<h1><strong>D\u00e9claration de Confidentialit\u00e9 d&rsquo;ABEILLON<\/strong><\/h1>\n<p><strong>\u00a0<\/strong><\/p>\n<p>Chez ABEILLON, la pr\u00e9servation de votre vie priv\u00e9e et de vos donn\u00e9es personnelles est de la plus haute importance. Nous vous invitons \u00e0 parcourir attentivement la d\u00e9claration de confidentialit\u00e9 ci-dessous pour comprendre comment nous traitons vos donn\u00e9es personnelles lorsque vous utilisez notre site, interagissez avec notre service client, visitez nos \u00e9tablissements ou engagez d&rsquo;autres formes d&rsquo;interaction avec ABEILLON.<\/p>\n<p>&nbsp;<\/p>\n<h2><strong>Quelles Informations Personnelles Collectons-Nous chez ABEILLON ?<\/strong><\/h2>\n<p><strong>\u00a0<\/strong><\/p>\n<p>ABEILLON recueille des donn\u00e9es personnelles lorsque vous les fournissez directement ou lorsque vous utilisez notre site internet, y compris mais sans s&rsquo;y limiter :<\/p>\n<p>&nbsp;<\/p>\n<ul>\n<li>Des informations vous concernant et concernant votre entreprise lorsque vous cr\u00e9ez un compte chez nous, y compris votre nom, vos coordonn\u00e9es, le nom et les coordonn\u00e9es de votre entreprise, des d\u00e9tails sur votre r\u00f4le au sein de l&rsquo;entreprise, et comment vous avez d\u00e9couvert notre site.<\/li>\n<li>Des informations relatives \u00e0 vos transactions, facturations et livraisons, dans le cas o\u00f9 vous effectuez un achat ou souscrivez \u00e0 l&rsquo;un de nos produits.<\/li>\n<li>Des enregistrements de vos interactions avec nous, par exemple, si vous nous contactez par e-mail, posez une question technique, signalez un probl\u00e8me, ou communiquez de toute autre mani\u00e8re avec notre \u00e9quipe.<\/li>\n<li>Vos r\u00e9ponses \u00e0 nos enqu\u00eates client.<\/li>\n<li>Les interactions avec vos interlocuteurs ABEILLON, que ce soit lors d&rsquo;\u00e9v\u00e9nements professionnels ou au sein des locaux d&rsquo;un client.<\/li>\n<\/ul>\n<p>&nbsp;<\/p>\n<p>Certaines informations li\u00e9es \u00e0 votre utilisation de notre site internet, telles que les sites web<\/p>\n<p>depuis lesquels vous acc\u00e9dez ou vers lesquels vous naviguez, l&rsquo;identifiant unique de votre appareil, les adresses IP, le syst\u00e8me d&rsquo;exploitation, les publicit\u00e9s sur lesquelles vous cliquez, les produits que vous recherchez, les produits que vous achetez, et les informations que vous t\u00e9l\u00e9chargez.<\/p>\n<p>De plus, les e-mails promotionnels que vous recevez de notre part peuvent d\u00e9tecter automatiquement si vous avez ouvert ou cliqu\u00e9 sur un lien dans ces e-mails. Ces informations nous permettent d&rsquo;\u00e9valuer nos performances<\/p>\n<p>&nbsp;<\/p>\n<p>Il est \u00e0 noter que parfois, nous pouvons recevoir des informations vous concernant de sources tierces, notamment des bases de donn\u00e9es commerciales.<\/p>\n<p>Certains des renseignements mentionn\u00e9s ci-dessus sont essentiels pour la cr\u00e9ation de comptes ou la r\u00e9alisation d&rsquo;achats sur la plateforme ABEILLON. Lorsque cela est le cas, il vous sera indiqu\u00e9 lors de votre inscription ou de vos achats. Toutes les autres informations sont facultatives, mais leur non-fourniture peut entra\u00eener une r\u00e9duction de pertinence du marketing que vous recevez, ainsi qu&rsquo;une exp\u00e9rience moins personnalis\u00e9e.<\/p>\n<p>&nbsp;<\/p>\n<h2><strong>Comment ABEILLON utilise-t-il Mes donn\u00e9es personnelles et sur quelle base juridique ?<\/strong><\/h2>\n<p>&nbsp;<\/p>\n<p>Selon la mani\u00e8re dont vous interagissez avec ABEILLON, la nature de vos communications, et les autorisations que vous accordez, vos donn\u00e9es personnelles seront utilis\u00e9es pour les finalit\u00e9s suivantes :<\/p>\n<p>&nbsp;<\/p>\n<p>&nbsp;<\/p>\n<ul>\n<li><strong>Cr\u00e9er votre compte client et g\u00e9rer vos commandes <\/strong><\/li>\n<\/ul>\n<p>Vos coordonn\u00e9es, informations sur votre poste et entreprise, informations de livraison et facturation Ex\u00e9cution d&rsquo;un contrat<\/p>\n<ul>\n<li><strong>G\u00e9rer et r\u00e9pondre \u00e0 vos questions ou r\u00e9clamations <\/strong><\/li>\n<\/ul>\n<p>Vos coordonn\u00e9es et toutes les interactions ; Notre int\u00e9r\u00eat l\u00e9gitime\u00a0: (gestion de notre activit\u00e9<\/p>\n<ul>\n<li><strong>Personnaliser votre exp\u00e9rience sur notre site et vous proposer du contenu qui vous int\u00e9resse <\/strong><\/li>\n<\/ul>\n<p>Vos informations de compte, historique d&rsquo;achat, activit\u00e9 de navigation ; Notre int\u00e9r\u00eat l\u00e9gitime\u00a0: (promotion de nos produits et services)<\/p>\n<ul>\n<li><strong>Vous inviter \u00e0 participer \u00e0 des enqu\u00eates clients, \u00e9valuations, et autres \u00e9tudes de march\u00e9 <\/strong><\/li>\n<li><strong>Vous envoyer des messages promotionnels<\/strong> et afficher des publicit\u00e9s cibl\u00e9es sur nos produits et vos informations de compte, historique d&rsquo;achat, activit\u00e9 de navigation, coordonn\u00e9es d&rsquo;entreprise<\/li>\n<\/ul>\n<p>Vos coordonn\u00e9es\u00a0:votre consentement et notre int\u00e9r\u00eat l\u00e9gitime\u00a0: \u00a0(promotion de nos produits)<\/p>\n<ul>\n<li><strong>Am\u00e9liorer et maintenir notre site internet, ainsi que surveiller son utilisation\u00a0<\/strong>:<\/li>\n<\/ul>\n<p>votre activit\u00e9 de navigation, interactions avec notre site\u00a0:<\/p>\n<p>Votre consentement et notre int\u00e9r\u00eat l\u00e9gitime (exploitation et am\u00e9lioration de notre site)<\/p>\n<ul>\n<li><strong>Mener des enqu\u00eates sur la fraude et prot\u00e9ger nos int\u00e9r\u00eats et ceux de tiers<\/strong><\/li>\n<\/ul>\n<p>Vos informations de compte, historique de transactions, utilisation de notre site internet Notre int\u00e9r\u00eat l\u00e9gitime (pr\u00e9vention et d\u00e9tection de la fraude et autres activit\u00e9s r\u00e9pr\u00e9hensibles)<\/p>\n<p>&nbsp;<\/p>\n<p>Lorsque nous traitons des donn\u00e9es personnelles sur la base de notre int\u00e9r\u00eat l\u00e9gitime, nous effectuons une analyse d&rsquo;\u00e9quilibre pour documenter nos int\u00e9r\u00eats, \u00e9valuer l&rsquo;impact sur les personnes concern\u00e9es, et d\u00e9terminer si les int\u00e9r\u00eats des personnes pr\u00e9valent sur nos int\u00e9r\u00eats dans le traitement.<\/p>\n<p>&nbsp;<\/p>\n<p>&nbsp;<\/p>\n<p>&nbsp;<\/p>\n<h2><strong>Avec qui partageons-nous vos donn\u00e9es personnelles chez ABEILLON ?<\/strong><\/h2>\n<p><strong>\u00a0<\/strong><\/p>\n<p>ABEILLON peut partager des informations avec des tiers soigneusement s\u00e9lectionn\u00e9s pour mener \u00e0 bien nos activit\u00e9s, notamment :<\/p>\n<p>&nbsp;<\/p>\n<ul>\n<li>Les prestataires de services : Nous partageons des informations avec des prestataires de services agissant en notre nom, tels que des entreprises de marketing num\u00e9rique, des analystes statistiques, des sp\u00e9cialistes en analyse commerciale et op\u00e9rationnelle, et des experts en optimisation de sites web. Nous pouvons \u00e9galement partager des donn\u00e9es personnelles avec des prestataires impliqu\u00e9s dans la cha\u00eene de livraison, comme des transitaires, des coursiers, et des soci\u00e9t\u00e9s de livraison. \u00c0 l&rsquo;occasion, nous pouvons partager des donn\u00e9es personnelles avec nos conseillers professionnels et juridiques.<\/li>\n<li>Autorit\u00e9s gouvernementales : Si votre commande doit \u00eatre livr\u00e9e hors du pays, nous pouvons \u00eatre amen\u00e9s \u00e0 partager des informations avec les services douaniers du pays de destination. Nous pouvons \u00e9galement communiquer des donn\u00e9es personnelles aux autorit\u00e9s charg\u00e9es de l&rsquo;application de la loi ou \u00e0 d&rsquo;autres autorit\u00e9s gouvernementales, notamment pour signaler une fraude ou r\u00e9pondre \u00e0 des demandes l\u00e9gales.<\/li>\n<li>Nous pouvons \u00e9ventuellement transmettre des donn\u00e9es \u00e0 des agences d&rsquo;\u00e9valuation de cr\u00e9dit et \u00e0 des tiers impliqu\u00e9s dans la pr\u00e9vention et la d\u00e9tection de la fraude.<\/li>\n<li>M\u00e9dias : De temps en temps, nous pouvons communiquer des statistiques marketing agr\u00e9g\u00e9es et anonymes \u00e0 nos partenaires commerciaux, ou les utiliser dans des communiqu\u00e9s de presse, des publicit\u00e9s ou des rapports publi\u00e9s. Nous ne vous identifierons personnellement, vous ou tout autre client, dans ces communications qu&rsquo;avec votre consentement pr\u00e9alable.<\/li>\n<li>En cas de cession d&rsquo;actifs commerciaux, les donn\u00e9es personnelles de nos clients peuvent \u00eatre divulgu\u00e9es \u00e0 un acheteur potentiel, dans la mesure du possible, sous r\u00e9serve du respect des conditions de cette politique de confidentialit\u00e9.<\/li>\n<li>ABEILLON peut divulguer des donn\u00e9es personnelles si nous estimons que cette divulgation est n\u00e9cessaire pour prot\u00e9ger les droits, la propri\u00e9t\u00e9 ou la s\u00e9curit\u00e9 personnelle d\u2019ABEILLON, de ses clients, de ses employ\u00e9s ou du public, ou si elle est l\u00e9galement autoris\u00e9e \u00e0 le faire.<\/li>\n<\/ul>\n<p>&nbsp;<\/p>\n<h2><strong>O\u00f9 ABEILLON stocke-t-il mes donn\u00e9es personnelles et pendant combien de temps ?<\/strong><\/h2>\n<p>&nbsp;<\/p>\n<p>ABEILLON, dont le si\u00e8ge est situ\u00e9 en France, traite vos donn\u00e9es personnelles en France.<\/p>\n<p>Si nous devons transf\u00e9rer des donn\u00e9es personnelles hors de l&rsquo;Espace \u00e9conomique europ\u00e9en, nous veillerons \u00e0 ce que vos droits en mati\u00e8re de vie priv\u00e9e et de protection des donn\u00e9es soient ad\u00e9quatement prot\u00e9g\u00e9s par des garanties appropri\u00e9es, conform\u00e9ment \u00e0 la l\u00e9gislation applicable.<\/p>\n<p>N&rsquo;h\u00e9sitez pas \u00e0 nous contacter pour obtenir davantage d&rsquo;informations sur ces garanties.<\/p>\n<p>&nbsp;<\/p>\n<p>Nous conservons vos donn\u00e9es personnelles aussi longtemps que n\u00e9cessaire pour les finalit\u00e9s mentionn\u00e9es ci-dessus, et la dur\u00e9e de conservation varie en fonction de vos interactions avec nous.<\/p>\n<p>Par exemple, si vous effectuez un achat chez nous, nous conservons des informations sur cet achat pour des raisons de facturation, de fiscalit\u00e9 et de garantie.<\/p>\n<p>Nous pouvons \u00e9galement conserver la correspondance \u00e9chang\u00e9e avec vous (par exemple, si vous d\u00e9posez une r\u00e9clamation au sujet d&rsquo;un produit) aussi longtemps que n\u00e9cessaire pour nous prot\u00e9ger d&rsquo;une action en justice. Pour plus d&rsquo;informations sur la dur\u00e9e de conservation des cookies, veuillez consulter notre politique en mati\u00e8re de cookies.<\/p>\n<p>Lorsque nous n&rsquo;avons plus besoin de conserver vos informations, nous les supprimons. Veuillez noter que si vous choisissez de vous d\u00e9sabonner de nos communications marketing, nous conservons votre adresse e-mail pour nous assurer que vous ne recevrez plus de messages promotionnels \u00e0 l&rsquo;avenir.<\/p>\n<p>&nbsp;<\/p>\n<h2><strong>Comment ABEILLON prot\u00e8ge-t-il mes donn\u00e9es personnelles ?<\/strong><\/h2>\n<p>&nbsp;<\/p>\n<p>Chez ABEILLON, nous nous engageons \u00e0 offrir un niveau \u00e9lev\u00e9 de service et de s\u00e9curit\u00e9 \u00e0 nos clients.<\/p>\n<p>Pour garantir la s\u00e9curit\u00e9 et la protection de vos donn\u00e9es personnelles, nous utilisons les m\u00e9thodes de s\u00e9curit\u00e9 suivantes lorsque vous soumettez vos informations :<\/p>\n<p>&nbsp;<\/p>\n<ul>\n<li>Les derni\u00e8res technologies de chiffrement pour prot\u00e9ger et s\u00e9curiser vos donn\u00e9es, garantissant des transactions s\u00fbres et s\u00e9curis\u00e9es.<\/li>\n<li>Dans la mesure du possible, vos informations sont stock\u00e9es sous forme crypt\u00e9e lorsque vous nous les fournissez, ce qui garantit leur protection lors de leur transmission.<\/li>\n<li>Votre compte en ligne ABEILLON et votre profil personnel sont prot\u00e9g\u00e9s par un mot de passe, ce qui signifie que vous \u00eates le seul \u00e0 avoir acc\u00e8s \u00e0 ces donn\u00e9es personnelles.<\/li>\n<\/ul>\n<p>&nbsp;<\/p>\n<p>Vous pouvez modifier les informations de votre compte et de votre profil en ligne en utilisant votre nom d&rsquo;utilisateur et votre mot de passe.<\/p>\n<p>&nbsp;<\/p>\n<h2><strong>Comment ABEILLON Utilise-t-il mes donn\u00e9es personnelles \u00e0 des Fins de prospection Commerciale ?<\/strong><\/h2>\n<p><strong>\u00a0<\/strong><\/p>\n<p>Sauf si vous avez explicitement refus\u00e9 lors de l&rsquo;inscription de votre compte ou de votre achat, ou si nous vous avons demand\u00e9 votre consentement \u00e0 des fins de prospection commerciale et que vous ne l&rsquo;avez pas accord\u00e9, ABEILLON peut vous envoyer des e-mails, vous appeler ou vous envoyer des SMS concernant nos produits et services.<\/p>\n<p>De plus, nous pouvons occasionnellement vous envoyer des courriers promotionnels (non \u00e9lectroniques) directs sur des produits qui, selon nous, pourraient vous int\u00e9resser.<\/p>\n<p>&nbsp;<\/p>\n<p>Il est possible que tout ou partie de ces messages promotionnels soient personnalis\u00e9s en fonction de ce que nous savons de vous et\/ou de votre entreprise, notamment \u00e0 partir de votre profil personnel en ligne, de vos recherches ant\u00e9rieures et de votre historique de navigation sur ABEILLON, ainsi que de vos activit\u00e9s d&rsquo;achat.<\/p>\n<p>&nbsp;<\/p>\n<p>Si vous ne souhaitez plus recevoir de messages promotionnels de notre part, vous avez la possibilit\u00e9 de :<\/p>\n<ul>\n<li>Vous d\u00e9sabonner des e-mails en cliquant sur le lien de d\u00e9sabonnement pr\u00e9sent dans chaque e-mail.<\/li>\n<li>Nous envoyer un e-mail \u00e0 [<a href=\"mailto:marketing@abeillon.com\">marketing@abeillon.com<\/a>] avec pour objet \u00ab\u00a0Ne plus recevoir de communications marketing.\u00a0\u00bb<\/li>\n<\/ul>\n<p>De plus, vous avez le droit de refuser la prospection commerciale directe ou le profilage effectu\u00e9 \u00e0 des fins de prospection directe (ce droit peut \u00eatre exerc\u00e9 \u00e0 tout moment).<br \/>\nVous pouvez \u00e9galement choisir de ne plus voir de publicit\u00e9s personnalis\u00e9es sur des sites web tiers, y compris sur les r\u00e9seaux sociaux.<\/p>\n<p>&nbsp;<\/p>\n<p>Ces publicit\u00e9s peuvent \u00eatre personnalis\u00e9es gr\u00e2ce \u00e0 l&rsquo;utilisation de cookies qui suivent votre activit\u00e9 en ligne pour nous permettre de proposer des publicit\u00e9s aux clients qui ont visit\u00e9 ABEILLON.<\/p>\n<p>&nbsp;<\/p>\n<p>Lorsque vous voyez une publicit\u00e9 sur les r\u00e9seaux sociaux, cela peut \u00eatre d\u00fb au fait que nous avons demand\u00e9 au r\u00e9seau social de diffuser des publicit\u00e9s aupr\u00e8s de nos clients ou d&rsquo;utilisateurs correspondant au profil d\u00e9mographique de nos clients.<\/p>\n<p>Dans certains cas, cela peut impliquer le partage de votre adresse \u00e9lectronique avec le r\u00e9seau social.<\/p>\n<p>Si vous souhaitez d\u00e9sactiver les publicit\u00e9s personnalis\u00e9es, vous pouvez modifier les param\u00e8tres de cookies et de confidentialit\u00e9 dans votre navigateur ainsi que sur les sites web tiers.<\/p>\n<p>&nbsp;<\/p>\n<p><strong>Comment puis-je acc\u00e9der \u00e0 mes donn\u00e9es personnelles, les mettre \u00e0 jour, les corriger ou les supprimer ?<\/strong><\/p>\n<p><strong>\u00a0<\/strong><\/p>\n<p>Vous avez la possibilit\u00e9 de consulter et de mettre \u00e0 jour les informations de votre profil personnel \u00e0 tout moment en vous rendant sur la section \u00ab\u00a0Mon Profil \u2013 Modifier Mon Profil\u00a0\u00bb dans \u00ab\u00a0Mon Espace\u00a0\u00bb, accessible via le lien situ\u00e9 dans la barre de navigation.<\/p>\n<p>&nbsp;<\/p>\n<p>Si vous avez oubli\u00e9 votre mot de passe ou si vous rencontrez d&rsquo;autres difficult\u00e9s pour acc\u00e9der \u00e0 ABEILLON, veuillez contacter notre service client\u00e8le au [+33 0148592381].<\/p>\n<p>&nbsp;<\/p>\n<p>Pour toute question concernant vos donn\u00e9es personnelles que vous ne pouvez pas r\u00e9soudre via votre profil personnel en ligne, veuillez nous contacter en utilisant les coordonn\u00e9es suivantes : [<a href=\"mailto:contact@abeillon.com\">contact@abeillon.com<\/a>] et [<a href=\"mailto:marketing@abeillon.com\">marketing@abeillon.com<\/a>].<\/p>\n<p>&nbsp;<\/p>\n<p>Conform\u00e9ment \u00e0 la l\u00e9gislation sur la protection des donn\u00e9es, vous avez le droit d&rsquo;acc\u00e9der \u00e0 vos donn\u00e9es personnelles (y compris dans un format lisible par machine), de les rectifier, de les effacer, de vous opposer \u00e0 leur traitement ou de demander une limitation du traitement.<\/p>\n<p>&nbsp;<\/p>\n<p>Vous avez \u00e9galement le droit de demander la portabilit\u00e9 de vos donn\u00e9es personnelles vers une autre entreprise ou un tiers.<\/p>\n<p>ABEILLON se conformera \u00e0 toute demande d&rsquo;exercice de ces droits conform\u00e9ment \u00e0 la loi en vigueur.<\/p>\n<p>Toutefois, veuillez noter que ces droits sont soumis \u00e0 certaines limitations et que nous pouvons ne pas \u00eatre en mesure de r\u00e9pondre favorablement \u00e0 votre demande dans certains cas.<\/p>\n<p>Lorsque nous nous basons sur votre consentement pour le traitement de vos donn\u00e9es personnelles, vous avez le droit de retirer ce consentement \u00e0 tout moment, sans que cela n&rsquo;affecte la l\u00e9galit\u00e9 du traitement fond\u00e9 sur le consentement avant son retrait. Il se peut toutefois que nous ayons d&rsquo;autres motifs l\u00e9gaux pour traiter vos donn\u00e9es \u00e0 d&rsquo;autres fins, comme indiqu\u00e9 pr\u00e9c\u00e9demment.<\/p>\n<p>&nbsp;<\/p>\n<h2><strong>Cookies<\/strong><\/h2>\n<p>&nbsp;<\/p>\n<p>ABEILLON utilise des cookies et des technologies similaires pour garantir le bon fonctionnement de son site web, am\u00e9liorer le site et personnaliser les publicit\u00e9s.<\/p>\n<p>Pour plus d&rsquo;informations sur les cookies, veuillez consulter notre politique en mati\u00e8re de cookies.<\/p>\n<p>&nbsp;<\/p>\n<p><strong>Contactez-Nous<\/strong><\/p>\n<p><strong>\u00a0<\/strong><\/p>\n<p>Si vous avez des questions concernant cette politique de confidentialit\u00e9 ou la mani\u00e8re dont nous utilisons vos donn\u00e9es personnelles, veuillez nous contacter par e-mail \u00e0 [<a href=\"mailto:contact@abeillon.com\">contact@abeillon.com<\/a>].<\/p>\n<p>Si vos pr\u00e9occupations ne sont pas r\u00e9solues, vous avez le droit de d\u00e9poser une r\u00e9clamation aupr\u00e8s de l&rsquo;autorit\u00e9 de protection des donn\u00e9es de votre pays de r\u00e9sidence, de votre lieu de travail ou du pays o\u00f9 l&rsquo;infraction pr\u00e9sum\u00e9e a eu lieu.<\/p>\n<p><strong>\u00a0<\/strong><\/p>\n<h2><strong>Mises \u00e0 Jour de Cette Politique de Confidentialit\u00e9<\/strong><\/h2>\n<p><strong>\u00a0<\/strong><\/p>\n<p>Nous pouvons \u00eatre amen\u00e9s \u00e0 modifier cette politique de confidentialit\u00e9 de temps \u00e0 autre pour refl\u00e9ter les changements de la loi, des r\u00e9glementations ou de nos pratiques en mati\u00e8re de protection des donn\u00e9es, conform\u00e9ment \u00e0 la loi.<\/p>\n<p>Dans ce cas, si la loi l&rsquo;exige, nous vous fournirons une nouvelle politique ou une politique mise \u00e0 jour qui d\u00e9taillera les modifications apport\u00e9es \u00e0 l&rsquo;utilisation de vos donn\u00e9es personnelles, et nous obtiendrons votre consentement si n\u00e9cessaire pour continuer \u00e0 les traiter.<\/p>\n<p>La pr\u00e9sente politique de confidentialit\u00e9 a \u00e9t\u00e9 mise \u00e0 jour pour la derni\u00e8re fois en octobre 2023.<\/p>\n<p>[\/vc_column_text][\/vc_column][\/vc_row]<\/p>\n<\/div>","protected":false},"excerpt":{"rendered":"<p>[vc_row][vc_column][vc_column_text] D\u00e9claration de Confidentialit\u00e9 d&rsquo;ABEILLON \u00a0 Chez ABEILLON, la pr\u00e9servation de votre vie priv\u00e9e et de vos donn\u00e9es personnelles est de la plus haute importance. Nous vous invitons \u00e0 parcourir attentivement la d\u00e9claration de confidentialit\u00e9 ci-dessous pour comprendre comment nous &hellip;<\/p>\n","protected":false},"author":11,"featured_media":0,"parent":0,"menu_order":0,"comment_status":"closed","ping_status":"closed","template":"","meta":{"_seopress_robots_primary_cat":"","_seopress_titles_title":"Prot\u00e9gez Vos Donn\u00e9es avec la Confidentialit\u00e9 ABEILLON","_seopress_titles_desc":"","_seopress_robots_index":"","footnotes":""},"class_list":["post-8109","page","type-page","status-publish","hentry"],"acf":[],"_links":{"self":[{"href":"https:\/\/www.abeillon.com\/boutique\/wp-json\/wp\/v2\/pages\/8109","targetHints":{"allow":["GET"]}}],"collection":[{"href":"https:\/\/www.abeillon.com\/boutique\/wp-json\/wp\/v2\/pages"}],"about":[{"href":"https:\/\/www.abeillon.com\/boutique\/wp-json\/wp\/v2\/types\/page"}],"author":[{"embeddable":true,"href":"https:\/\/www.abeillon.com\/boutique\/wp-json\/wp\/v2\/users\/11"}],"replies":[{"embeddable":true,"href":"https:\/\/www.abeillon.com\/boutique\/wp-json\/wp\/v2\/comments?post=8109"}],"version-history":[{"count":0,"href":"https:\/\/www.abeillon.com\/boutique\/wp-json\/wp\/v2\/pages\/8109\/revisions"}],"wp:attachment":[{"href":"https:\/\/www.abeillon.com\/boutique\/wp-json\/wp\/v2\/media?parent=8109"}],"curies":[{"name":"wp","href":"https:\/\/api.w.org\/{rel}","templated":true}]}}