{"id":7244,"date":"2023-04-14T11:00:01","date_gmt":"2023-04-14T09:00:01","guid":{"rendered":"https:\/\/www.abeillon.com\/product\/flexijet-a-buse-fixe-j-50-1-4-d-filetage-male-1-4-chrome-lg-500-mm\/"},"modified":"2025-07-24T16:08:34","modified_gmt":"2025-07-24T14:08:34","slug":"flexijet-a-buse-fixe-j-50-1-4-d-filetage-male-1-4-chrome-lg-500-mm","status":"publish","type":"product","link":"https:\/\/www.abeillon.com\/boutique\/flexijet-a-buse-fixe\/flexijet-a-buse-fixe-j-50-1-4-d-filetage-male-1-4-chrome-lg-500-mm\/","title":{"rendered":"Flexijet \u00e0 buse fixe J-50-1\/4, D Filetage m\u00e2le 1\/4\u00a0\u00bb, Chrom\u00e9, LG 500 mm"},"content":{"rendered":"<p>Description : Flexible d&rsquo;\u00e9jection de fluide semi-rigide \u00e0 buse fixe, longueur 500 mm, diam\u00e8tre ext\u00e9rieur 15mm, diam\u00e8tre int\u00e9rieur 5mm, finition en acier chrom\u00e9e. \u00c9tanche sur toute la longueur gr\u00e2ce \u00e0 la pr\u00e9sence d&rsquo;une gaine int\u00e9rieure. Manchon renfort c\u00f4t\u00e9 fixe; Embou<\/p>\n","protected":false},"excerpt":{"rendered":"<p>Description : Flexible d&rsquo;\u00e9jection de fluide semi-rigide \u00e0 buse fixe, longueur 500 mm, diam\u00e8tre ext\u00e9rieur 15mm, diam\u00e8tre int\u00e9rieur 5mm, finition en acier chrom\u00e9e. \u00c9tanche sur toute la longueur gr\u00e2ce \u00e0 la pr\u00e9sence d&rsquo;une gaine int\u00e9rieure. Manchon renfort c\u00f4t\u00e9 fixe; Embou<\/p>\n","protected":false},"featured_media":8063,"template":"","meta":{"_seopress_robots_primary_cat":"none","_seopress_titles_title":"","_seopress_titles_desc":"D\u00e9couvrez notre flexible d&#039;\u00e9jection de fluide semi-rigide \u00e0 buse fixe de 500mm de longueur et de diam\u00e8tre ext\u00e9rieur de 15mm. \u00c9tanche sur toute la longueur avec une finition en acier chrom\u00e9e. Renforc\u00e9 avec un manchon c\u00f4t\u00e9 fixe. Commandez maintenant !","_seopress_robots_index":""},"product_brand":[],"product_cat":[134,445],"product_tag":[253],"class_list":{"0":"post-7244","1":"product","2":"type-product","3":"status-publish","4":"has-post-thumbnail","6":"product_cat-flexijet","7":"product_cat-flexijet-a-buse-fixe","8":"product_tag-flexijet-a-buse-fixe","9":"pa_extremite-2-buse-fixe","11":"first","12":"instock","13":"taxable","14":"shipping-taxable","15":"purchasable","16":"product-type-simple"},"acf":[],"_links":{"self":[{"href":"https:\/\/www.abeillon.com\/boutique\/wp-json\/wp\/v2\/product\/7244","targetHints":{"allow":["GET"]}}],"collection":[{"href":"https:\/\/www.abeillon.com\/boutique\/wp-json\/wp\/v2\/product"}],"about":[{"href":"https:\/\/www.abeillon.com\/boutique\/wp-json\/wp\/v2\/types\/product"}],"wp:featuredmedia":[{"embeddable":true,"href":"https:\/\/www.abeillon.com\/boutique\/wp-json\/wp\/v2\/media\/8063"}],"wp:attachment":[{"href":"https:\/\/www.abeillon.com\/boutique\/wp-json\/wp\/v2\/media?parent=7244"}],"wp:term":[{"taxonomy":"product_brand","embeddable":true,"href":"https:\/\/www.abeillon.com\/boutique\/wp-json\/wp\/v2\/product_brand?post=7244"},{"taxonomy":"product_cat","embeddable":true,"href":"https:\/\/www.abeillon.com\/boutique\/wp-json\/wp\/v2\/product_cat?post=7244"},{"taxonomy":"product_tag","embeddable":true,"href":"https:\/\/www.abeillon.com\/boutique\/wp-json\/wp\/v2\/product_tag?post=7244"}],"curies":[{"name":"wp","href":"https:\/\/api.w.org\/{rel}","templated":true}]}}