{"id":7251,"date":"2023-04-14T11:00:01","date_gmt":"2023-04-14T09:00:01","guid":{"rendered":"https:\/\/www.abeillon.com\/product\/flexijet-a-buse-fixe-j-40-3-8-d-filetage-male-3-8-chrome-lg-400-mm\/"},"modified":"2026-01-14T10:21:05","modified_gmt":"2026-01-14T09:21:05","slug":"flexijet-a-buse-fixe-j-40-3-8-d-filetage-male-3-8-chrome-lg-400-mm","status":"publish","type":"product","link":"https:\/\/www.abeillon.com\/boutique\/flexijet-a-buse-fixe\/flexijet-a-buse-fixe-j-40-3-8-d-filetage-male-3-8-chrome-lg-400-mm\/","title":{"rendered":"Flexijet \u00e0 buse fixe J-40-3\/8, D Filetage m\u00e2le 3\/8\u00a0\u00bb, Chrom\u00e9, LG 400 mm"},"content":{"rendered":"<p>Description : Flexible d&rsquo;\u00e9jection de fluide semi-rigide \u00e0 buse fixe, longueur 400 mm, diam\u00e8tre ext\u00e9rieur 16mm, diam\u00e8tre int\u00e9rieur 7,8mm, finition en acier chrom\u00e9e. \u00c9tanche sur toute la longueur gr\u00e2ce \u00e0 la pr\u00e9sence d&rsquo;une gaine int\u00e9rieure. Manchon renfort c\u00f4t\u00e9 fixe; Emb<\/p>\n","protected":false},"excerpt":{"rendered":"<p>Description : Flexible d&rsquo;\u00e9jection de fluide semi-rigide \u00e0 buse fixe, longueur 400 mm, diam\u00e8tre ext\u00e9rieur 16mm, diam\u00e8tre int\u00e9rieur 7,8mm, finition en acier chrom\u00e9e. \u00c9tanche sur toute la longueur gr\u00e2ce \u00e0 la pr\u00e9sence d&rsquo;une gaine int\u00e9rieure. Manchon renfort c\u00f4t\u00e9 fixe; Emb<\/p>\n","protected":false},"featured_media":8063,"template":"","meta":{"_seopress_robots_primary_cat":"none","_seopress_titles_title":"Flexijet \u00e0 buse fixe J-40-3\/8, D Filetage m\u00e2le 3\/8'', Chrom\u00e9","_seopress_titles_desc":"Optimisez votre \u00e9quipement avec notre flexible d'\u00e9jection de fluide semi-rigide \u00e0 buse fixe en acier chrom\u00e9e de 400mm de longueur, \u00e9tanche gr\u00e2ce \u00e0 sa gaine int\u00e9rieure.","_seopress_robots_index":""},"product_brand":[],"product_cat":[134,445],"product_tag":[253],"class_list":{"0":"post-7251","1":"product","2":"type-product","3":"status-publish","4":"has-post-thumbnail","6":"product_cat-flexijet","7":"product_cat-flexijet-a-buse-fixe","8":"product_tag-flexijet-a-buse-fixe","9":"pa_extremite-2-buse-fixe","11":"first","12":"instock","13":"taxable","14":"shipping-taxable","15":"purchasable","16":"product-type-simple"},"acf":[],"_links":{"self":[{"href":"https:\/\/www.abeillon.com\/boutique\/wp-json\/wp\/v2\/product\/7251","targetHints":{"allow":["GET"]}}],"collection":[{"href":"https:\/\/www.abeillon.com\/boutique\/wp-json\/wp\/v2\/product"}],"about":[{"href":"https:\/\/www.abeillon.com\/boutique\/wp-json\/wp\/v2\/types\/product"}],"wp:featuredmedia":[{"embeddable":true,"href":"https:\/\/www.abeillon.com\/boutique\/wp-json\/wp\/v2\/media\/8063"}],"wp:attachment":[{"href":"https:\/\/www.abeillon.com\/boutique\/wp-json\/wp\/v2\/media?parent=7251"}],"wp:term":[{"taxonomy":"product_brand","embeddable":true,"href":"https:\/\/www.abeillon.com\/boutique\/wp-json\/wp\/v2\/product_brand?post=7251"},{"taxonomy":"product_cat","embeddable":true,"href":"https:\/\/www.abeillon.com\/boutique\/wp-json\/wp\/v2\/product_cat?post=7251"},{"taxonomy":"product_tag","embeddable":true,"href":"https:\/\/www.abeillon.com\/boutique\/wp-json\/wp\/v2\/product_tag?post=7251"}],"curies":[{"name":"wp","href":"https:\/\/api.w.org\/{rel}","templated":true}]}}