{"id":7254,"date":"2023-04-14T11:00:01","date_gmt":"2023-04-14T09:00:01","guid":{"rendered":"https:\/\/www.abeillon.com\/product\/flexijet-a-buse-fixe-j-80-3-8-d-filetage-male-3-8-chrome-lg-800-mm\/"},"modified":"2025-07-24T16:08:42","modified_gmt":"2025-07-24T14:08:42","slug":"flexijet-a-buse-fixe-j-80-3-8-d-filetage-male-3-8-chrome-lg-800-mm","status":"publish","type":"product","link":"https:\/\/www.abeillon.com\/boutique\/flexijet-a-buse-fixe\/flexijet-a-buse-fixe-j-80-3-8-d-filetage-male-3-8-chrome-lg-800-mm\/","title":{"rendered":"Flexijet \u00e0 buse fixe J-80-3\/8, D Filetage m\u00e2le 3\/8\u00a0\u00bb, Chrom\u00e9, LG 800 mm"},"content":{"rendered":"<p>Description : Flexible d&rsquo;\u00e9jection de fluide semi-rigide \u00e0 buse fixe, longueur 800 mm, diam\u00e8tre ext\u00e9rieur 16mm, diam\u00e8tre int\u00e9rieur 7,8mm, finition en acier chrom\u00e9e. \u00c9tanche sur toute la longueur gr\u00e2ce \u00e0 la pr\u00e9sence d&rsquo;une gaine int\u00e9rieure. Manchon renfort c\u00f4t\u00e9 fixe ;Embo<\/p>\n","protected":false},"excerpt":{"rendered":"<p>Description : Flexible d&rsquo;\u00e9jection de fluide semi-rigide \u00e0 buse fixe, longueur 800 mm, diam\u00e8tre ext\u00e9rieur 16mm, diam\u00e8tre int\u00e9rieur 7,8mm, finition en acier chrom\u00e9e. \u00c9tanche sur toute la longueur gr\u00e2ce \u00e0 la pr\u00e9sence d&rsquo;une gaine int\u00e9rieure. Manchon renfort c\u00f4t\u00e9 fixe ;Embo<\/p>\n","protected":false},"featured_media":8063,"template":"","meta":{"_seopress_robots_primary_cat":"none","_seopress_titles_title":"","_seopress_titles_desc":"D\u00e9couvrez notre flexible d&#039;\u00e9jection de fluide semi-rigide de 800mm de longueur, avec un diam\u00e8tre ext\u00e9rieur de 16mm et un diam\u00e8tre int\u00e9rieur de 7,8mm en acier chrom\u00e9. \u00c9tanche gr\u00e2ce \u00e0 sa gaine int\u00e9rieure et dot\u00e9 d&#039;un manchon renforc\u00e9 c\u00f4t\u00e9 fixe. Embo\u00eetez-le facilement pour des r\u00e9sultats optimal.","_seopress_robots_index":""},"product_brand":[],"product_cat":[134,445],"product_tag":[253],"class_list":{"0":"post-7254","1":"product","2":"type-product","3":"status-publish","4":"has-post-thumbnail","6":"product_cat-flexijet","7":"product_cat-flexijet-a-buse-fixe","8":"product_tag-flexijet-a-buse-fixe","9":"pa_extremite-2-buse-fixe","11":"first","12":"instock","13":"taxable","14":"shipping-taxable","15":"purchasable","16":"product-type-simple"},"acf":[],"_links":{"self":[{"href":"https:\/\/www.abeillon.com\/boutique\/wp-json\/wp\/v2\/product\/7254","targetHints":{"allow":["GET"]}}],"collection":[{"href":"https:\/\/www.abeillon.com\/boutique\/wp-json\/wp\/v2\/product"}],"about":[{"href":"https:\/\/www.abeillon.com\/boutique\/wp-json\/wp\/v2\/types\/product"}],"wp:featuredmedia":[{"embeddable":true,"href":"https:\/\/www.abeillon.com\/boutique\/wp-json\/wp\/v2\/media\/8063"}],"wp:attachment":[{"href":"https:\/\/www.abeillon.com\/boutique\/wp-json\/wp\/v2\/media?parent=7254"}],"wp:term":[{"taxonomy":"product_brand","embeddable":true,"href":"https:\/\/www.abeillon.com\/boutique\/wp-json\/wp\/v2\/product_brand?post=7254"},{"taxonomy":"product_cat","embeddable":true,"href":"https:\/\/www.abeillon.com\/boutique\/wp-json\/wp\/v2\/product_cat?post=7254"},{"taxonomy":"product_tag","embeddable":true,"href":"https:\/\/www.abeillon.com\/boutique\/wp-json\/wp\/v2\/product_tag?post=7254"}],"curies":[{"name":"wp","href":"https:\/\/api.w.org\/{rel}","templated":true}]}}