{"id":7268,"date":"2023-04-14T11:00:17","date_gmt":"2023-04-14T09:00:17","guid":{"rendered":"https:\/\/www.abeillon.com\/product\/flexijet-pour-buse-interchangeable-j-20-1-4-bi-d-filetages-males-1-4-chrome-lg-200-mm\/"},"modified":"2026-01-14T10:07:52","modified_gmt":"2026-01-14T09:07:52","slug":"flexijet-pour-buse-interchangeable-j-20-1-4-bi-d-filetages-males-1-4-chrome-lg-200-mm","status":"publish","type":"product","link":"https:\/\/www.abeillon.com\/boutique\/flexijet-pour-buse-interchangeable\/flexijet-pour-buse-interchangeable-j-20-1-4-bi-d-filetages-males-1-4-chrome-lg-200-mm\/","title":{"rendered":"Flexijet pour buse interchangeable J-20-1\/4 BI, D Filetages m\u00e2les 1\/4\u00a0\u00bb, Chrom\u00e9, LG 200 mm"},"content":{"rendered":"<p>Description : Flexible d&rsquo;\u00e9jection de fluide semi-rigide \u00e0 buse interchangeable, longueur 200 mm, diam\u00e8tre ext\u00e9rieur 12mm, diam\u00e8tre int\u00e9rieur 5mm, finition en acier chrom\u00e9e. \u00c9tanche sur toute la longueur gr\u00e2ce \u00e0 la pr\u00e9sence d&rsquo;une gaine int\u00e9rieure. 2 embouts m\u00e2les \u00e0 viss<\/p>\n","protected":false},"excerpt":{"rendered":"<p>Description : Flexible d&rsquo;\u00e9jection de fluide semi-rigide \u00e0 buse interchangeable, longueur 200 mm, diam\u00e8tre ext\u00e9rieur 12mm, diam\u00e8tre int\u00e9rieur 5mm, finition en acier chrom\u00e9e. \u00c9tanche sur toute la longueur gr\u00e2ce \u00e0 la pr\u00e9sence d&rsquo;une gaine int\u00e9rieure. 2 embouts m\u00e2les \u00e0 viss<\/p>\n","protected":false},"featured_media":5970,"template":"","meta":{"_seopress_robots_primary_cat":"none","_seopress_titles_title":"Flexijet pour buse interchangeable J-20-1\/4 BI, LG 200 mm","_seopress_titles_desc":"D\u00e9couvrez notre flexible d'\u00e9jection de fluide semi-rigide de 200mm avec buse interchangeable. Etanche et avec une finition en acier chrom\u00e9e.","_seopress_robots_index":""},"product_brand":[],"product_cat":[134,446],"product_tag":[254],"class_list":{"0":"post-7268","1":"product","2":"type-product","3":"status-publish","4":"has-post-thumbnail","6":"product_cat-flexijet","7":"product_cat-flexijet-pour-buse-interchangeable","8":"product_tag-flexijet-pour-buse-interchangeable","9":"pa_extremite-2-m8-13-g-1-4-male","11":"first","12":"instock","13":"taxable","14":"shipping-taxable","15":"purchasable","16":"product-type-simple"},"acf":[],"_links":{"self":[{"href":"https:\/\/www.abeillon.com\/boutique\/wp-json\/wp\/v2\/product\/7268","targetHints":{"allow":["GET"]}}],"collection":[{"href":"https:\/\/www.abeillon.com\/boutique\/wp-json\/wp\/v2\/product"}],"about":[{"href":"https:\/\/www.abeillon.com\/boutique\/wp-json\/wp\/v2\/types\/product"}],"wp:featuredmedia":[{"embeddable":true,"href":"https:\/\/www.abeillon.com\/boutique\/wp-json\/wp\/v2\/media\/5970"}],"wp:attachment":[{"href":"https:\/\/www.abeillon.com\/boutique\/wp-json\/wp\/v2\/media?parent=7268"}],"wp:term":[{"taxonomy":"product_brand","embeddable":true,"href":"https:\/\/www.abeillon.com\/boutique\/wp-json\/wp\/v2\/product_brand?post=7268"},{"taxonomy":"product_cat","embeddable":true,"href":"https:\/\/www.abeillon.com\/boutique\/wp-json\/wp\/v2\/product_cat?post=7268"},{"taxonomy":"product_tag","embeddable":true,"href":"https:\/\/www.abeillon.com\/boutique\/wp-json\/wp\/v2\/product_tag?post=7268"}],"curies":[{"name":"wp","href":"https:\/\/api.w.org\/{rel}","templated":true}]}}