{"id":7292,"date":"2023-04-14T11:00:32","date_gmt":"2023-04-14T09:00:32","guid":{"rendered":"https:\/\/www.abeillon.com\/product\/option-en-supplement-gaine-noire-exterieure-sur-flexijets-a-buse-interchangeables-le-prix-dun-flexible-gaine-prix-dun-flexible-chrome-prix-option-gaine-noire\/"},"modified":"2026-01-14T10:16:27","modified_gmt":"2026-01-14T09:16:27","slug":"option-en-supplement-gaine-noire-exterieure-sur-flexijets-a-buse-interchangeables-le-prix-dun-flexible-gaine-prix-dun-flexible-chrome-prix-option-gaine-noire","status":"publish","type":"product","link":"https:\/\/www.abeillon.com\/boutique\/options-additionnelles\/option-en-supplement-gaine-noire-exterieure-sur-flexijets-a-buse-interchangeables-le-prix-dun-flexible-gaine-prix-dun-flexible-chrome-prix-option-gaine-noire\/","title":{"rendered":"Option en suppl\u00e9ment : gaine noire ext\u00e9rieure sur Flexijets \u00e0 buse interchangeables. (Le prix d&rsquo;un flexible gain\u00e9 = Prix d&rsquo;un flexible chrom\u00e9 + Prix option gaine noire)"},"content":{"rendered":"<p>Gaine PVC noire ext\u00e9rieure sur Flexijets \u00e0 buse fixe ou \u00e0 buse interchangeable<\/p>\n","protected":false},"excerpt":{"rendered":"<p>Gaine PVC noire ext\u00e9rieure sur Flexijets \u00e0 buse fixe ou \u00e0 buse interchangeable<\/p>\n","protected":false},"featured_media":8119,"template":"","meta":{"_seopress_robots_primary_cat":"none","_seopress_titles_title":"Option gaine noire Flexijet buse interchangeable \u2013 %%sitetitle%%","_seopress_titles_desc":"Option en suppl\u00e9ment pour Flexijet \u00e0 buse interchangeable : gaine noire ext\u00e9rieure. Am\u00e9liore la protection, la durabilit\u00e9 et l\u2019esth\u00e9tique du flexible.","_seopress_robots_index":""},"product_brand":[],"product_cat":[134,446,467],"product_tag":[254],"class_list":{"0":"post-7292","1":"product","2":"type-product","3":"status-publish","4":"has-post-thumbnail","6":"product_cat-flexijet","7":"product_cat-flexijet-pour-buse-interchangeable","8":"product_cat-options-additionnelles","9":"product_tag-flexijet-pour-buse-interchangeable","11":"first","12":"instock","13":"taxable","14":"shipping-taxable","15":"purchasable","16":"product-type-simple"},"acf":[],"_links":{"self":[{"href":"https:\/\/www.abeillon.com\/boutique\/wp-json\/wp\/v2\/product\/7292","targetHints":{"allow":["GET"]}}],"collection":[{"href":"https:\/\/www.abeillon.com\/boutique\/wp-json\/wp\/v2\/product"}],"about":[{"href":"https:\/\/www.abeillon.com\/boutique\/wp-json\/wp\/v2\/types\/product"}],"wp:featuredmedia":[{"embeddable":true,"href":"https:\/\/www.abeillon.com\/boutique\/wp-json\/wp\/v2\/media\/8119"}],"wp:attachment":[{"href":"https:\/\/www.abeillon.com\/boutique\/wp-json\/wp\/v2\/media?parent=7292"}],"wp:term":[{"taxonomy":"product_brand","embeddable":true,"href":"https:\/\/www.abeillon.com\/boutique\/wp-json\/wp\/v2\/product_brand?post=7292"},{"taxonomy":"product_cat","embeddable":true,"href":"https:\/\/www.abeillon.com\/boutique\/wp-json\/wp\/v2\/product_cat?post=7292"},{"taxonomy":"product_tag","embeddable":true,"href":"https:\/\/www.abeillon.com\/boutique\/wp-json\/wp\/v2\/product_tag?post=7292"}],"curies":[{"name":"wp","href":"https:\/\/api.w.org\/{rel}","templated":true}]}}