{"id":7303,"date":"2023-04-14T11:00:47","date_gmt":"2023-04-14T09:00:47","guid":{"rendered":"https:\/\/www.abeillon.com\/product\/buse-a-percer-g-3-8-chrome\/"},"modified":"2025-07-24T16:09:26","modified_gmt":"2025-07-24T14:09:26","slug":"buse-a-percer-g-3-8-chrome","status":"publish","type":"product","link":"https:\/\/www.abeillon.com\/boutique\/buses\/buse-a-percer-g-3-8-chrome\/","title":{"rendered":"Buse \u00e0 percer G 3\/8\u00a0\u00bb, Chrom\u00e9"},"content":{"rendered":"<p>Description : Buse en laiton chrom\u00e9 pour flexible \u00e0 buse interchangeable. Per\u00e7age possible jusqu&rsquo;\u00e0 6 mm<\/p>\n","protected":false},"excerpt":{"rendered":"<p>Description : Buse en laiton chrom\u00e9 pour flexible \u00e0 buse interchangeable. Per\u00e7age possible jusqu&rsquo;\u00e0 6 mm<\/p>\n","protected":false},"featured_media":7444,"template":"","meta":{"_seopress_robots_primary_cat":"none","_seopress_titles_title":"","_seopress_titles_desc":"D\u00e9couvrez notre buse en laiton chrom\u00e9 avec un flexible \u00e0 buse interchangeable. Percez jusqu'\u00e0 6 mm en toute simplicit\u00e9. Commandez d\u00e8s maintenant !","_seopress_robots_index":""},"product_brand":[],"product_cat":[448,134],"product_tag":[256],"class_list":{"0":"post-7303","1":"product","2":"type-product","3":"status-publish","4":"has-post-thumbnail","6":"product_cat-buses","7":"product_cat-flexijet","8":"product_tag-buses","10":"first","11":"instock","12":"taxable","13":"shipping-taxable","14":"purchasable","15":"product-type-simple"},"acf":[],"_links":{"self":[{"href":"https:\/\/www.abeillon.com\/boutique\/wp-json\/wp\/v2\/product\/7303","targetHints":{"allow":["GET"]}}],"collection":[{"href":"https:\/\/www.abeillon.com\/boutique\/wp-json\/wp\/v2\/product"}],"about":[{"href":"https:\/\/www.abeillon.com\/boutique\/wp-json\/wp\/v2\/types\/product"}],"wp:featuredmedia":[{"embeddable":true,"href":"https:\/\/www.abeillon.com\/boutique\/wp-json\/wp\/v2\/media\/7444"}],"wp:attachment":[{"href":"https:\/\/www.abeillon.com\/boutique\/wp-json\/wp\/v2\/media?parent=7303"}],"wp:term":[{"taxonomy":"product_brand","embeddable":true,"href":"https:\/\/www.abeillon.com\/boutique\/wp-json\/wp\/v2\/product_brand?post=7303"},{"taxonomy":"product_cat","embeddable":true,"href":"https:\/\/www.abeillon.com\/boutique\/wp-json\/wp\/v2\/product_cat?post=7303"},{"taxonomy":"product_tag","embeddable":true,"href":"https:\/\/www.abeillon.com\/boutique\/wp-json\/wp\/v2\/product_tag?post=7303"}],"curies":[{"name":"wp","href":"https:\/\/api.w.org\/{rel}","templated":true}]}}