{"id":7324,"date":"2023-04-14T11:00:58","date_gmt":"2023-04-14T09:00:58","guid":{"rendered":"https:\/\/www.abeillon.com\/product\/plateau-commande-domotique-gewa\/"},"modified":"2025-07-24T16:09:43","modified_gmt":"2025-07-24T14:09:43","slug":"plateau-commande-domotique-gewa","status":"publish","type":"product","link":"https:\/\/www.abeillon.com\/boutique\/plateaux\/plateau-commande-domotique-gewa\/","title":{"rendered":"Plateau commande domotique \u00a0\u00bbGEWA\u00a0\u00bb"},"content":{"rendered":"<p>Description : Plateau Commande Domotique GEWA PROG III (Longueur int\u00e9rieure : 64 MM, Hauteur int\u00e9rieure : 26 MM), Noir<\/p>\n","protected":false},"excerpt":{"rendered":"<p>Description : Plateau Commande Domotique GEWA PROG III (Longueur int\u00e9rieure : 64 MM, Hauteur int\u00e9rieure : 26 MM), Noir<\/p>\n","protected":false},"featured_media":6354,"template":"","meta":{"_seopress_robots_primary_cat":"none","_seopress_titles_title":"","_seopress_titles_desc":"Optimisez votre maison avec le plateau commande domotique GEWA PROG III. Profitez d'une automatisation intelligente et d'un contr\u00f4le simplifi\u00e9 pour une vie plus confortable et s\u00e9curis\u00e9e. Commandez vos appareils \u00e9lectriques en un seul geste!","_seopress_robots_index":""},"product_brand":[],"product_cat":[133,436],"product_tag":[260],"class_list":{"0":"post-7324","1":"product","2":"type-product","3":"status-publish","4":"has-post-thumbnail","6":"product_cat-combimed","7":"product_cat-plateaux","8":"product_tag-plateaux","10":"first","11":"instock","12":"taxable","13":"shipping-taxable","14":"purchasable","15":"product-type-simple"},"acf":[],"_links":{"self":[{"href":"https:\/\/www.abeillon.com\/boutique\/wp-json\/wp\/v2\/product\/7324","targetHints":{"allow":["GET"]}}],"collection":[{"href":"https:\/\/www.abeillon.com\/boutique\/wp-json\/wp\/v2\/product"}],"about":[{"href":"https:\/\/www.abeillon.com\/boutique\/wp-json\/wp\/v2\/types\/product"}],"wp:featuredmedia":[{"embeddable":true,"href":"https:\/\/www.abeillon.com\/boutique\/wp-json\/wp\/v2\/media\/6354"}],"wp:attachment":[{"href":"https:\/\/www.abeillon.com\/boutique\/wp-json\/wp\/v2\/media?parent=7324"}],"wp:term":[{"taxonomy":"product_brand","embeddable":true,"href":"https:\/\/www.abeillon.com\/boutique\/wp-json\/wp\/v2\/product_brand?post=7324"},{"taxonomy":"product_cat","embeddable":true,"href":"https:\/\/www.abeillon.com\/boutique\/wp-json\/wp\/v2\/product_cat?post=7324"},{"taxonomy":"product_tag","embeddable":true,"href":"https:\/\/www.abeillon.com\/boutique\/wp-json\/wp\/v2\/product_tag?post=7324"}],"curies":[{"name":"wp","href":"https:\/\/api.w.org\/{rel}","templated":true}]}}