{"id":7360,"date":"2023-04-14T11:01:11","date_gmt":"2023-04-14T09:01:11","guid":{"rendered":"https:\/\/www.abeillon.com\/product\/support-flexible-nebuliseur-blanc-longueur-900-mm\/"},"modified":"2025-07-24T16:10:21","modified_gmt":"2025-07-24T14:10:21","slug":"support-flexible-nebuliseur-blanc-longueur-900-mm","status":"publish","type":"product","link":"https:\/\/www.abeillon.com\/boutique\/solutions-specifiques\/support-flexible-nebuliseur-blanc-longueur-900-mm\/","title":{"rendered":"Support flexible n\u00e9buliseur blanc, longueur 900 mm"},"content":{"rendered":"<p>Description : Longueur 900 MM, diam\u00e8tre ext\u00e9rIeur 15mm, Gaine PVC blanc, Embout clip 25 rivet\u00e9, 2 clip 15 et 25 MM (16549)<\/p>\n","protected":false},"excerpt":{"rendered":"<p>Description : Longueur 900 MM, diam\u00e8tre ext\u00e9rIeur 15mm, Gaine PVC blanc, Embout clip 25 rivet\u00e9, 2 clip 15 et 25 MM (16549)<\/p>\n","protected":false},"featured_media":7389,"template":"","meta":{"_seopress_robots_primary_cat":"none","_seopress_titles_title":"","_seopress_titles_desc":"Achetez la gaine PVC blanc de 900 MM avec diam\u00e8tre ext\u00e9rieur de 15mm. Livr\u00e9e avec embout clip 25 rivet\u00e9 et 2 clips de 15 et 25 MM. Id\u00e9ale pour tous vos besoins de fixation. R\u00e9f\u00e9rence 16549.","_seopress_robots_index":""},"product_brand":[],"product_cat":[133,441],"product_tag":[265],"class_list":{"0":"post-7360","1":"product","2":"type-product","3":"status-publish","4":"has-post-thumbnail","6":"product_cat-combimed","7":"product_cat-solutions-specifiques","8":"product_tag-solutions-specifiques","10":"first","11":"instock","12":"taxable","13":"shipping-taxable","14":"purchasable","15":"product-type-simple"},"acf":[],"_links":{"self":[{"href":"https:\/\/www.abeillon.com\/boutique\/wp-json\/wp\/v2\/product\/7360","targetHints":{"allow":["GET"]}}],"collection":[{"href":"https:\/\/www.abeillon.com\/boutique\/wp-json\/wp\/v2\/product"}],"about":[{"href":"https:\/\/www.abeillon.com\/boutique\/wp-json\/wp\/v2\/types\/product"}],"wp:featuredmedia":[{"embeddable":true,"href":"https:\/\/www.abeillon.com\/boutique\/wp-json\/wp\/v2\/media\/7389"}],"wp:attachment":[{"href":"https:\/\/www.abeillon.com\/boutique\/wp-json\/wp\/v2\/media?parent=7360"}],"wp:term":[{"taxonomy":"product_brand","embeddable":true,"href":"https:\/\/www.abeillon.com\/boutique\/wp-json\/wp\/v2\/product_brand?post=7360"},{"taxonomy":"product_cat","embeddable":true,"href":"https:\/\/www.abeillon.com\/boutique\/wp-json\/wp\/v2\/product_cat?post=7360"},{"taxonomy":"product_tag","embeddable":true,"href":"https:\/\/www.abeillon.com\/boutique\/wp-json\/wp\/v2\/product_tag?post=7360"}],"curies":[{"name":"wp","href":"https:\/\/api.w.org\/{rel}","templated":true}]}}